{"id":138,"date":"2021-10-18T19:48:40","date_gmt":"2021-10-18T19:48:40","guid":{"rendered":"https:\/\/ertekprojects.com\/erhu\/?page_id=138"},"modified":"2022-04-11T15:28:07","modified_gmt":"2022-04-11T15:28:07","slug":"ders-3","status":"publish","type":"page","link":"https:\/\/ertekprojects.com\/erhu\/ders-3\/","title":{"rendered":"Ders-3"},"content":{"rendered":"<h5 class=\"p1\"><span class=\"s1\"><b><img loading=\"lazy\" decoding=\"async\" class=\"alignright wp-image-156\" src=\"https:\/\/ertekprojects.com\/erhu\/wp-content\/uploads\/2021\/10\/ders-3-248x300.png\" alt=\"\" width=\"100\" height=\"121\" srcset=\"https:\/\/ertekprojects.com\/erhu\/wp-content\/uploads\/2021\/10\/ders-3-248x300.png 248w, https:\/\/ertekprojects.com\/erhu\/wp-content\/uploads\/2021\/10\/ders-3.png 364w\" sizes=\"auto, (max-width: 100px) 100vw, 100px\" \/>Erhu\u2019nun Akortu ve \u00c7al\u0131nmas\u0131<\/b><\/span><\/h5>\n<p class=\"p3\">B\u00f6l\u00fcm\u00fcn odak noktalar\u0131 \u015fu \u015fekildedir:<\/p>\n<ol class=\"ol1\">\n<li class=\"li4\">Erhu Tonlamas\u0131<\/li>\n<li class=\"li4\">Bo\u015f Tel \u00c7al\u0131\u015fmas\u0131 ile Ses Y\u00fcksekli\u011fi ve Yumu\u015fakl\u0131\u011f\u0131n\u0131 Kontrol Etme<\/li>\n<li class=\"li4\">Tele Basma Y\u00f6ntemi<span class=\"Apple-converted-space\">\u00a0<\/span><\/li>\n<\/ol>\n<p>&nbsp;<\/p>\n<h5 class=\"p6\"><strong><span class=\"s1\">A- Erhu Akort Edilmesi<span class=\"Apple-converted-space\">\u00a0<\/span><\/span><\/strong><\/h5>\n<p class=\"p8\"><span class=\"s2\">\u00d6l\u00e7ek \u00f6\u011frenme ve tonlama i\u00e7in <\/span>&#8220;Tuner \u2013 gStrings Free&#8221; adl\u0131 \u00fccretsiz mobil uygulamay\u0131 indiriniz:<\/p>\n<p class=\"p9\"><span class=\"s3\"><a href=\"https:\/\/play.google.com\/store\/apps\/details?id=org.cohortor.gstrings&amp;hl=en_US&amp;gl=US\">https:\/\/play.google.com\/store\/apps\/details?id=org.cohortor.gstrings&amp;hl=en_US&amp;gl=US<\/a><\/span><\/p>\n<p class=\"p8\">(Bu uygulama android tabanl\u0131 platformlarda mevcuttur, ancak iOS platforlar\u0131ndan benzer bir uygulama da indirebilirsiniz). Uygulama, yayl\u0131 enstr\u00fcman\u0131n\u0131z\u0131 akort etmek i\u00e7in bir akort arac\u0131 g\u00f6revi g\u00f6rmektedir.<\/p>\n<p class=\"p8\"><span class=\"s2\">Erhu\u2019da \u201cD\u201d i\u00e7 tel i\u00e7in ve \u201cA\u201d d\u0131\u015f tel i\u00e7indir. <\/span>\u0130ki ayar pimi vard\u0131r; \u00fcst ayar pimi ve alt ayar pimi. <span class=\"s2\">Tablo 1\u2019de Erhu akort ayarlar\u0131n\u0131n listesi bulunmaktad\u0131r. \u015eekil 5\u2019te akor sistemati\u011fi g\u00f6sterilmektedir.<\/span><\/p>\n<p><img loading=\"lazy\" decoding=\"async\" class=\"alignnone wp-image-139 size-full\" src=\"https:\/\/ertekprojects.com\/erhu\/wp-content\/uploads\/2021\/10\/erhu-akort-ayat-tablosu.png\" alt=\"\" width=\"1128\" height=\"582\" srcset=\"https:\/\/ertekprojects.com\/erhu\/wp-content\/uploads\/2021\/10\/erhu-akort-ayat-tablosu.png 1128w, https:\/\/ertekprojects.com\/erhu\/wp-content\/uploads\/2021\/10\/erhu-akort-ayat-tablosu-300x155.png 300w, https:\/\/ertekprojects.com\/erhu\/wp-content\/uploads\/2021\/10\/erhu-akort-ayat-tablosu-1024x528.png 1024w, https:\/\/ertekprojects.com\/erhu\/wp-content\/uploads\/2021\/10\/erhu-akort-ayat-tablosu-768x396.png 768w\" sizes=\"auto, (max-width: 1128px) 100vw, 1128px\" \/><\/p>\n<p class=\"p1\" style=\"text-align: center;\"><b>Tablo 1.<\/b> Erhu akort ayar tablosu.<\/p>\n<p>&nbsp;<\/p>\n<p style=\"text-align: center;\"><img loading=\"lazy\" decoding=\"async\" class=\"alignnone wp-image-154 size-full\" src=\"https:\/\/ertekprojects.com\/erhu\/wp-content\/uploads\/2021\/10\/erhu.png\" alt=\"\" width=\"1766\" height=\"1554\" srcset=\"https:\/\/ertekprojects.com\/erhu\/wp-content\/uploads\/2021\/10\/erhu.png 1766w, https:\/\/ertekprojects.com\/erhu\/wp-content\/uploads\/2021\/10\/erhu-300x264.png 300w, https:\/\/ertekprojects.com\/erhu\/wp-content\/uploads\/2021\/10\/erhu-1024x901.png 1024w, https:\/\/ertekprojects.com\/erhu\/wp-content\/uploads\/2021\/10\/erhu-768x676.png 768w, https:\/\/ertekprojects.com\/erhu\/wp-content\/uploads\/2021\/10\/erhu-1536x1352.png 1536w\" sizes=\"auto, (max-width: 1766px) 100vw, 1766px\" \/><\/p>\n<p>&nbsp;<\/p>\n<p class=\"p1\" style=\"text-align: center;\"><b>\u015eekil 5.<\/b> Erhu akor sistemati\u011fi.<\/p>\n<p>&nbsp;<\/p>\n<p class=\"p1\"><span class=\"s1\"><b>Tonlama \/Akort etme:<\/b><\/span> <span class=\"s3\">D\u00f6rd\u00fcnc\u00fc ad\u0131mdan itibaren teli s\u0131k\u0131ca kavrayarak gev\u015fetiniz ve \u201cgStrings\u201d uygulamas\u0131nda g\u00f6sterildi\u011fi gibi \u201cD\u201d tu\u015funa veya \u201cA\u201d tu\u015funa ula\u015f\u0131lana kadar ipi yava\u015f yava\u015f geriniz.<\/span><\/p>\n<p class=\"p1\"><span class=\"s1\"><b>\u0130nce Ayarlay\u0131c\u0131:<\/b><\/span> <span class=\"s3\">Teli tam &#8220;D&#8221; veya &#8220;A&#8221; anahtar\u0131na ayarlamak her zaman kolay olmamaktad\u0131r. Bunun bir \u00e7\u00f6z\u00fcm\u00fc olarak \u015eekil 6 ve \u015eekil 7\u2019de g\u00f6sterildi\u011fi gibi ince ayarlay\u0131c\u0131y\u0131 tellerin \u00fcst\u00fcne yerle\u015ftiriniz ve dizinin ayar\u0131n\u0131 tatmin olana kadar iyile\u015ftiriniz. Bir di\u011fer y\u00f6ntem olarak ise, telde biraz gerginlik yaratmak i\u00e7in teli hafif\u00e7e bast\u0131rarak daha iyi bir akort elde edebilirsiniz.<\/span><\/p>\n<p><img loading=\"lazy\" decoding=\"async\" class=\"wp-image-158 aligncenter\" src=\"https:\/\/ertekprojects.com\/erhu\/wp-content\/uploads\/2021\/10\/ince-ayarlayici.png\" alt=\"\" width=\"200\" height=\"146\" srcset=\"https:\/\/ertekprojects.com\/erhu\/wp-content\/uploads\/2021\/10\/ince-ayarlayici.png 400w, https:\/\/ertekprojects.com\/erhu\/wp-content\/uploads\/2021\/10\/ince-ayarlayici-300x219.png 300w\" sizes=\"auto, (max-width: 200px) 100vw, 200px\" \/><\/p>\n<p class=\"p1\" style=\"text-align: center;\"><b>\u015eekil 6.<\/b> \u0130nce ayarlay\u0131c\u0131<\/p>\n<p>&nbsp;<\/p>\n<p><img loading=\"lazy\" decoding=\"async\" class=\"wp-image-159 aligncenter\" src=\"https:\/\/ertekprojects.com\/erhu\/wp-content\/uploads\/2021\/10\/ince-ayarlayici-kullanimi-300x201.png\" alt=\"\" width=\"201\" height=\"135\" srcset=\"https:\/\/ertekprojects.com\/erhu\/wp-content\/uploads\/2021\/10\/ince-ayarlayici-kullanimi-300x201.png 300w, https:\/\/ertekprojects.com\/erhu\/wp-content\/uploads\/2021\/10\/ince-ayarlayici-kullanimi.png 478w\" sizes=\"auto, (max-width: 201px) 100vw, 201px\" \/><\/p>\n<p class=\"p1\" style=\"text-align: center;\"><b>\u015eekil 7.<\/b> \u0130nce ayarlay\u0131c\u0131n\u0131n kullan\u0131m\u0131.<\/p>\n<p>&nbsp;<\/p>\n<h5 class=\"p1\"><span class=\"s1\">B- Bo\u015f Telde Ses Y\u00fcksekli\u011fi ve Yumu\u015fakl\u0131\u011f\u0131n\u0131 Kontrol Etme Uygulamas\u0131<\/span><\/h5>\n<p class=\"p3\">Bo\u015f tel al\u0131\u015ft\u0131rmas\u0131nda tonun g\u00fcc\u00fcn\u00fc ifade etmek i\u00e7in fazladan iki tane m\u00fczik sembol\u00fc tan\u0131t\u0131lm\u0131\u015ft\u0131r. Bu iki m\u00fczikal sembol\u00fcn\u00fcn tan\u0131t\u0131lmas\u0131n\u0131n sebebi sesin yumu\u015fakl\u0131\u011f\u0131n\u0131 ve y\u00fcksekli\u011fini yaymak amac\u0131yla yay \u00fczerindeki g\u00fc\u00e7 kontrol\u00fcn\u00fc sa\u011flamakt\u0131r. Bunlar:<\/p>\n<table class=\"t1\" style=\"height: 123px;\" width=\"658\" cellspacing=\"0\" cellpadding=\"0\">\n<tbody>\n<tr>\n<td class=\"td1\" valign=\"middle\"><img loading=\"lazy\" decoding=\"async\" class=\"wp-image-161 aligncenter\" src=\"https:\/\/ertekprojects.com\/erhu\/wp-content\/uploads\/2021\/10\/artan.png\" alt=\"\" width=\"150\" height=\"46\" \/><\/td>\n<td class=\"td2\" valign=\"middle\">\n<p class=\"p6\"><b><i>Artan:<\/i><\/b> Yumu\u015fak (zay\u0131f)sesten y\u00fcksek sese<\/p>\n<\/td>\n<\/tr>\n<tr>\n<td class=\"td3\" valign=\"middle\">\n<h4 class=\"p8\" style=\"font-style: normal;\"><img loading=\"lazy\" decoding=\"async\" class=\"wp-image-160 aligncenter\" src=\"https:\/\/ertekprojects.com\/erhu\/wp-content\/uploads\/2021\/10\/azalan.png\" alt=\"\" width=\"150\" height=\"46\" \/><\/h4>\n<\/td>\n<td class=\"td4\" valign=\"middle\">\n<p class=\"p6\"><b><i>Azalan:<\/i><\/b><i> <\/i>Y\u00fcksek sesten yumu\u015fak (zay\u0131f) sese<\/p>\n<\/td>\n<\/tr>\n<\/tbody>\n<\/table>\n<p class=\"p9\">Bu b\u00f6l\u00fcm size tele basma (\u00f6l\u00e7ek basma) y\u00f6ntemini g\u00f6stermektir.<\/p>\n<p>&nbsp;<\/p>\n<table class=\"t1\" style=\"height: 368px;\" width=\"300\" cellspacing=\"0\" cellpadding=\"0\">\n<tbody>\n<tr>\n<td class=\"td1\" valign=\"top\"><img loading=\"lazy\" decoding=\"async\" class=\"size-medium wp-image-164 aligncenter\" src=\"https:\/\/ertekprojects.com\/erhu\/wp-content\/uploads\/2021\/10\/tele-bastirma-yontemi-214x300.png\" alt=\"\" width=\"214\" height=\"300\" srcset=\"https:\/\/ertekprojects.com\/erhu\/wp-content\/uploads\/2021\/10\/tele-bastirma-yontemi-214x300.png 214w, https:\/\/ertekprojects.com\/erhu\/wp-content\/uploads\/2021\/10\/tele-bastirma-yontemi.png 386w\" sizes=\"auto, (max-width: 214px) 100vw, 214px\" \/><\/p>\n<p class=\"p2\" style=\"text-align: center;\"><b>\u015eekil 8.<\/b> Tellere bast\u0131rma y\u00f6ntemi.<\/p>\n<\/td>\n<\/tr>\n<\/tbody>\n<\/table>\n<table class=\"t1\" cellspacing=\"0\" cellpadding=\"0\">\n<tbody>\n<tr>\n<td class=\"td2\" valign=\"middle\">&nbsp;<\/p>\n<p><img loading=\"lazy\" decoding=\"async\" class=\"alignnone size-medium wp-image-166 aligncenter\" src=\"https:\/\/ertekprojects.com\/erhu\/wp-content\/uploads\/2021\/10\/parmak-ucu-dokunma1-264x300.png\" alt=\"\" width=\"264\" height=\"300\" srcset=\"https:\/\/ertekprojects.com\/erhu\/wp-content\/uploads\/2021\/10\/parmak-ucu-dokunma1-264x300.png 264w, https:\/\/ertekprojects.com\/erhu\/wp-content\/uploads\/2021\/10\/parmak-ucu-dokunma1.png 458w\" sizes=\"auto, (max-width: 264px) 100vw, 264px\" \/><\/p>\n<p class=\"p2\" style=\"text-align: center;\"><b>\u015eekil 9.<\/b> Parmaklar\u0131n hangi noktalara dokunaca\u011f\u0131n\u0131n g\u00f6sterimi.<\/p>\n<\/td>\n<\/tr>\n<\/tbody>\n<\/table>\n<table class=\"t1\" cellspacing=\"0\" cellpadding=\"0\">\n<tbody>\n<tr>\n<td class=\"td3\" valign=\"top\"><img loading=\"lazy\" decoding=\"async\" class=\"alignnone size-medium wp-image-167 aligncenter\" src=\"https:\/\/ertekprojects.com\/erhu\/wp-content\/uploads\/2021\/10\/numara-259x300.png\" alt=\"\" width=\"259\" height=\"300\" srcset=\"https:\/\/ertekprojects.com\/erhu\/wp-content\/uploads\/2021\/10\/numara-259x300.png 259w, https:\/\/ertekprojects.com\/erhu\/wp-content\/uploads\/2021\/10\/numara.png 598w\" sizes=\"auto, (max-width: 259px) 100vw, 259px\" \/><\/p>\n<p class=\"p2\" style=\"text-align: center;\"><b>\u015eekil 10.<\/b> Parmak numaraland\u0131rmas\u0131, \u015eekil 9 ile birlikte de\u011ferlendirilmelidir.<\/p>\n<\/td>\n<\/tr>\n<\/tbody>\n<\/table>\n<p class=\"p8\">Do\u011fru \u00f6l\u00e7ek bas\u0131m\u0131 i\u00e7in \u015eekil 8&#8217;e bak\u0131n\u0131z. \u015eekil 10&#8217;te g\u00f6sterilen parmaklar\u0131n numaraland\u0131rmas\u0131, \u015eekil 9&#8217;te g\u00f6sterilen numaralarla e\u015fle\u015fmelidir. \u015eekil 10\u2019da \u20181\u2019 konumu \u20182\u2019 konumuna yakla\u015f\u0131k bir in\u00e7 (2.54cm) uzakl\u0131ktad\u0131r. \u20183\u2019 ve \u20184\u2019 konumlar\u0131 aras\u0131 mesafe yakla\u015f\u0131k yar\u0131m in\u00e7tir (1.27cm).<\/p>\n<p class=\"p10\"><b>Sol elin pozisyonlanmas\u0131<\/b><\/p>\n<p class=\"p10\"><b>1. <\/b>Sa\u011f elinizi kullan\u0131yorsan\u0131z, sol el i\u015faret parma\u011f\u0131n\u0131, orta parma\u011f\u0131n\u0131 ve y\u00fcz\u00fck parma\u011f\u0131n\u0131 ayar \u00e7ivisinin etraf\u0131na yerle\u015ftiriniz.<\/p>\n<p class=\"p10\"><b>2.<\/b> Ba\u015f parma\u011f\u0131n\u0131 ayar \u00e7ivisinin \u00fcst\u00fcne yerle\u015ftiriniz.<\/p>\n<p class=\"p10\"><b>3. <\/b>Ser\u00e7e parma\u011f\u0131n\u0131 ayar \u00e7ivisinin di\u011fer taraf\u0131na yerle\u015ftiriniz. L\u00fctfen Erhu&#8217;nun ana deste\u011fine fazladan kuvvet uygulamad\u0131\u011f\u0131n\u0131zdan emin olunuz.<\/p>\n<p class=\"p10\"><b>4.<\/b> Ayar \u00e7ivisini s\u0131k\u0131 bir \u015fekilde tuttu\u011funuzdan emin olunuz.<\/p>\n","protected":false},"excerpt":{"rendered":"<p>Erhu\u2019nun Akortu ve \u00c7al\u0131nmas\u0131 B\u00f6l\u00fcm\u00fcn odak noktalar\u0131 \u015fu \u015fekildedir: Erhu Tonlamas\u0131 Bo\u015f Tel \u00c7al\u0131\u015fmas\u0131 ile Ses Y\u00fcksekli\u011fi ve Yumu\u015fakl\u0131\u011f\u0131n\u0131 Kontrol Etme Tele Basma Y\u00f6ntemi\u00a0 &nbsp; A- Erhu Akort Edilmesi\u00a0 \u00d6l\u00e7ek \u00f6\u011frenme ve tonlama i\u00e7in &#8220;Tuner \u2013 gStrings Free&#8221; adl\u0131 \u00fccretsiz mobil uygulamay\u0131 indiriniz: https:\/\/play.google.com\/store\/apps\/details?id=org.cohortor.gstrings&amp;hl=en_US&amp;gl=US (Bu uygulama android tabanl\u0131 platformlarda mevcuttur, ancak iOS platforlar\u0131ndan benzer bir [&hellip;]<\/p>\n","protected":false},"author":1,"featured_media":0,"parent":0,"menu_order":0,"comment_status":"closed","ping_status":"closed","template":"","meta":{"footnotes":""},"class_list":["post-138","page","type-page","status-publish","hentry"],"_links":{"self":[{"href":"https:\/\/ertekprojects.com\/erhu\/wp-json\/wp\/v2\/pages\/138","targetHints":{"allow":["GET"]}}],"collection":[{"href":"https:\/\/ertekprojects.com\/erhu\/wp-json\/wp\/v2\/pages"}],"about":[{"href":"https:\/\/ertekprojects.com\/erhu\/wp-json\/wp\/v2\/types\/page"}],"author":[{"embeddable":true,"href":"https:\/\/ertekprojects.com\/erhu\/wp-json\/wp\/v2\/users\/1"}],"replies":[{"embeddable":true,"href":"https:\/\/ertekprojects.com\/erhu\/wp-json\/wp\/v2\/comments?post=138"}],"version-history":[{"count":14,"href":"https:\/\/ertekprojects.com\/erhu\/wp-json\/wp\/v2\/pages\/138\/revisions"}],"predecessor-version":[{"id":257,"href":"https:\/\/ertekprojects.com\/erhu\/wp-json\/wp\/v2\/pages\/138\/revisions\/257"}],"wp:attachment":[{"href":"https:\/\/ertekprojects.com\/erhu\/wp-json\/wp\/v2\/media?parent=138"}],"curies":[{"name":"wp","href":"https:\/\/api.w.org\/{rel}","templated":true}]}}