{"id":176,"date":"2021-10-25T18:49:18","date_gmt":"2021-10-25T18:49:18","guid":{"rendered":"https:\/\/ertekprojects.com\/erhu\/?page_id=176"},"modified":"2022-04-11T15:26:13","modified_gmt":"2022-04-11T15:26:13","slug":"ders-4","status":"publish","type":"page","link":"https:\/\/ertekprojects.com\/erhu\/ders-4\/","title":{"rendered":"Ders 4"},"content":{"rendered":"<p><img loading=\"lazy\" decoding=\"async\" class=\"wp-image-177 alignright\" src=\"https:\/\/ertekprojects.com\/erhu\/wp-content\/uploads\/2021\/10\/ders-4-244x300.png\" alt=\"\" width=\"100\" height=\"123\" srcset=\"https:\/\/ertekprojects.com\/erhu\/wp-content\/uploads\/2021\/10\/ders-4-244x300.png 244w, https:\/\/ertekprojects.com\/erhu\/wp-content\/uploads\/2021\/10\/ders-4.png 250w\" sizes=\"auto, (max-width: 100px) 100vw, 100px\" \/><\/p>\n<p class=\"p3\"><b>Al\u0131\u015ft\u0131rma 2<\/b>: <b>\u0130lk \u201cD\u201d \u00f6l\u00e7e\u011finizi a\u015fa\u011f\u0131dakilere g\u00f6re \u00e7al\u0131\u015f\u0131n:<\/b><\/p>\n<p class=\"p5\"><span class=\"s2\"><b>Giri\u015f<\/b><\/span><\/p>\n<p class=\"p6\">Belgelendiren: Wilson Yao Weilin<\/p>\n<p><b><\/b><span class=\"s2\"><b>1.Yay teknikleri<\/b><\/span><\/p>\n<p><img loading=\"lazy\" decoding=\"async\" class=\"aligncenter wp-image-178\" src=\"https:\/\/ertekprojects.com\/erhu\/wp-content\/uploads\/2021\/10\/yay-teknikleri1.png\" alt=\"\" width=\"800\" height=\"640\" srcset=\"https:\/\/ertekprojects.com\/erhu\/wp-content\/uploads\/2021\/10\/yay-teknikleri1.png 912w, https:\/\/ertekprojects.com\/erhu\/wp-content\/uploads\/2021\/10\/yay-teknikleri1-300x240.png 300w, https:\/\/ertekprojects.com\/erhu\/wp-content\/uploads\/2021\/10\/yay-teknikleri1-768x615.png 768w\" sizes=\"auto, (max-width: 800px) 100vw, 800px\" \/><\/p>\n<p><img loading=\"lazy\" decoding=\"async\" class=\"aligncenter wp-image-180\" src=\"https:\/\/ertekprojects.com\/erhu\/wp-content\/uploads\/2021\/10\/yay-teknikleri2.png\" alt=\"\" width=\"800\" height=\"994\" srcset=\"https:\/\/ertekprojects.com\/erhu\/wp-content\/uploads\/2021\/10\/yay-teknikleri2.png 908w, https:\/\/ertekprojects.com\/erhu\/wp-content\/uploads\/2021\/10\/yay-teknikleri2-241x300.png 241w, https:\/\/ertekprojects.com\/erhu\/wp-content\/uploads\/2021\/10\/yay-teknikleri2-824x1024.png 824w, https:\/\/ertekprojects.com\/erhu\/wp-content\/uploads\/2021\/10\/yay-teknikleri2-768x954.png 768w\" sizes=\"auto, (max-width: 800px) 100vw, 800px\" \/><\/p>\n<p><img loading=\"lazy\" decoding=\"async\" class=\"wp-image-183 aligncenter\" src=\"https:\/\/ertekprojects.com\/erhu\/wp-content\/uploads\/2021\/10\/yay-teknikleri3.png\" alt=\"\" width=\"800\" height=\"871\" srcset=\"https:\/\/ertekprojects.com\/erhu\/wp-content\/uploads\/2021\/10\/yay-teknikleri3.png 904w, https:\/\/ertekprojects.com\/erhu\/wp-content\/uploads\/2021\/10\/yay-teknikleri3-276x300.png 276w, https:\/\/ertekprojects.com\/erhu\/wp-content\/uploads\/2021\/10\/yay-teknikleri3-768x836.png 768w\" sizes=\"auto, (max-width: 800px) 100vw, 800px\" \/><\/p>\n<p>&nbsp;<\/p>\n<p><b>2.Akor ayarlama s\u0131ras\u0131nda dikkat edilecek noktalar<\/b><\/p>\n<p class=\"p1\">\u2022 \u00c7ok fazla g\u00fc\u00e7 uygulamak Erhu\u2019nun k\u0131r\u0131lmas\u0131na sebep olucakt\u0131r.<\/p>\n<p class=\"p1\">\u2022 Tel \u00e7ok s\u0131k\u0131ysa, do\u011fru sesi \u00e7\u0131karana kadar teli serbest b\u0131rak\u0131n\u0131z vegeriniz.<\/p>\n<p class=\"p1\">\u2022 \u00c7ok sert basmak tonu etkileyecektir, yar\u0131m ton d\u00fc\u015f\u00fcr\u00fcn\u00fcz.<\/p>\n<p><b>3.\u00c7alma teknikleri<\/b><\/p>\n<p><img loading=\"lazy\" decoding=\"async\" class=\"wp-image-185 aligncenter\" src=\"https:\/\/ertekprojects.com\/erhu\/wp-content\/uploads\/2021\/10\/yay-teknikleri4.png\" alt=\"\" width=\"800\" height=\"706\" srcset=\"https:\/\/ertekprojects.com\/erhu\/wp-content\/uploads\/2021\/10\/yay-teknikleri4.png 906w, https:\/\/ertekprojects.com\/erhu\/wp-content\/uploads\/2021\/10\/yay-teknikleri4-300x265.png 300w, https:\/\/ertekprojects.com\/erhu\/wp-content\/uploads\/2021\/10\/yay-teknikleri4-768x678.png 768w\" sizes=\"auto, (max-width: 800px) 100vw, 800px\" \/><\/p>\n<p class=\"p1\"><b>4. M\u00fczik d\u00fczenleme<\/b><\/p>\n<p class=\"p2\">\u2022 M\u00fczik i\u00e7in baidu.com&#8217;a gidiniz.<\/p>\n<p class=\"p2\">\u2022 \u0130sme veya \u015fark\u0131 ad\u0131na g\u00f6re m\u00fczik aray\u0131n\u0131z.<\/p>\n<p class=\"p2\">\u2022 En az olan notalar\u0131 al\u0131n\u0131z.<\/p>\n<p class=\"p2\">\u2022 Maj\u00f6r akoru belirleyiniz.<\/p>\n<p class=\"p2\">\u2022 E\u011fer gerekirse tonu uygun maj\u00f6re g\u00f6re ayarlay\u0131n\u0131z (\u00f6zellikle grup performanslar\u0131 i\u00e7in).<\/p>\n<p class=\"p1\"><b>5. Yaylar\u0131n bak\u0131m\u0131 i\u00e7in re\u00e7ine uygulamak<\/b><\/p>\n<p class=\"p2\">\u2022 Erhu&#8217;yu y\u0131lan derisi yukar\u0131 bakacak \u015fekilde yere d\u00fcz olarak yat\u0131r\u0131n\u0131z.<\/p>\n<p class=\"p2\">\u2022 \u0130\u00e7 teli ovu\u015ftururken, i\u00e7 teli ba\u015f ucundan tutarak a\u00e7\u0131n\u0131z ve son iki i\u015faret parma\u011f\u0131n\u0131n yard\u0131m\u0131yla yava\u015f\u00e7a a\u00e7\u0131n\u0131z.<\/p>\n<p class=\"p2\">\u2022 D\u0131\u015f teli ovalarken, kontrol i\u00e7in ba\u015fparma\u011f\u0131n\u0131z\u0131 kullan\u0131n\u0131z.<\/p>\n","protected":false},"excerpt":{"rendered":"<p>Al\u0131\u015ft\u0131rma 2: \u0130lk \u201cD\u201d \u00f6l\u00e7e\u011finizi a\u015fa\u011f\u0131dakilere g\u00f6re \u00e7al\u0131\u015f\u0131n: Giri\u015f Belgelendiren: Wilson Yao Weilin 1.Yay teknikleri &nbsp; 2.Akor ayarlama s\u0131ras\u0131nda dikkat edilecek noktalar \u2022 \u00c7ok fazla g\u00fc\u00e7 uygulamak Erhu\u2019nun k\u0131r\u0131lmas\u0131na sebep olucakt\u0131r. \u2022 Tel \u00e7ok s\u0131k\u0131ysa, do\u011fru sesi \u00e7\u0131karana kadar teli serbest b\u0131rak\u0131n\u0131z vegeriniz. \u2022 \u00c7ok sert basmak tonu etkileyecektir, yar\u0131m ton d\u00fc\u015f\u00fcr\u00fcn\u00fcz. 3.\u00c7alma teknikleri 4. [&hellip;]<\/p>\n","protected":false},"author":1,"featured_media":0,"parent":0,"menu_order":0,"comment_status":"closed","ping_status":"closed","template":"","meta":{"footnotes":""},"class_list":["post-176","page","type-page","status-publish","hentry"],"_links":{"self":[{"href":"https:\/\/ertekprojects.com\/erhu\/wp-json\/wp\/v2\/pages\/176","targetHints":{"allow":["GET"]}}],"collection":[{"href":"https:\/\/ertekprojects.com\/erhu\/wp-json\/wp\/v2\/pages"}],"about":[{"href":"https:\/\/ertekprojects.com\/erhu\/wp-json\/wp\/v2\/types\/page"}],"author":[{"embeddable":true,"href":"https:\/\/ertekprojects.com\/erhu\/wp-json\/wp\/v2\/users\/1"}],"replies":[{"embeddable":true,"href":"https:\/\/ertekprojects.com\/erhu\/wp-json\/wp\/v2\/comments?post=176"}],"version-history":[{"count":11,"href":"https:\/\/ertekprojects.com\/erhu\/wp-json\/wp\/v2\/pages\/176\/revisions"}],"predecessor-version":[{"id":258,"href":"https:\/\/ertekprojects.com\/erhu\/wp-json\/wp\/v2\/pages\/176\/revisions\/258"}],"wp:attachment":[{"href":"https:\/\/ertekprojects.com\/erhu\/wp-json\/wp\/v2\/media?parent=176"}],"curies":[{"name":"wp","href":"https:\/\/api.w.org\/{rel}","templated":true}]}}