{"id":2,"date":"2021-09-10T07:50:54","date_gmt":"2021-09-10T07:50:54","guid":{"rendered":"https:\/\/ertekprojects.com\/erhu\/?page_id=2"},"modified":"2022-04-11T15:23:29","modified_gmt":"2022-04-11T15:23:29","slug":"turkce-ceviri-seher-tunc-eda-aydin-gurdal-ertek","status":"publish","type":"page","link":"https:\/\/ertekprojects.com\/erhu\/","title":{"rendered":"Erhu Kemen\u00e7e"},"content":{"rendered":"<h2 class=\"p4\" style=\"text-align: center;\"><b>Erhu Kemen\u00e7e <\/b><\/h2>\n<h2 class=\"p4\" style=\"text-align: center;\"><b>Dersleri ve K\u0131lavuzu<\/b><\/h2>\n<p style=\"text-align: center;\"><a href=\"https:\/\/ertekprojects.com\/erhu\/wp-content\/uploads\/2021\/11\/erhu.webp\"><img loading=\"lazy\" decoding=\"async\" class=\"alignnone wp-image-226 size-medium\" src=\"https:\/\/ertekprojects.com\/erhu\/wp-content\/uploads\/2021\/11\/erhu-219x300.webp\" alt=\"\" width=\"219\" height=\"300\" srcset=\"https:\/\/ertekprojects.com\/erhu\/wp-content\/uploads\/2021\/11\/erhu-219x300.webp 219w, https:\/\/ertekprojects.com\/erhu\/wp-content\/uploads\/2021\/11\/erhu.webp 747w\" sizes=\"auto, (max-width: 219px) 100vw, 219px\" \/><\/a><\/p>\n<p class=\"p2\" style=\"text-align: center;\">Dr. Goh Kiah Mok<\/p>\n<p class=\"p2\" style=\"text-align: center;\">Ms. Jess Chew<\/p>\n<p class=\"p2\" style=\"text-align: center;\">Ms. Lee Siew Poh<\/p>\n<p class=\"p2\" style=\"text-align: center;\">Mr. Wilson Yao<\/p>\n<p class=\"p6\" style=\"text-align: center;\"><span class=\"s3\">\u00a9<\/span> Dr. Goh Kiah Mok<\/p>\n<p class=\"p7\" style=\"text-align: center;\"><span class=\"s4\"><b>E-posta:<\/b> <a href=\"mailto:mokgoh@gmail.com\"><span class=\"s5\">mokgoh@gmail.com<\/span><\/a><\/span><\/p>\n<p class=\"p6\" style=\"text-align: center;\"><b>T\u00fcrk\u00e7e \u00c7eviri:<\/b> Seher Tun\u00e7, Eda Ayd\u0131n, G\u00fcrdal Ertek<\/p>\n<p class=\"p6\" style=\"text-align: center;\">G\u00f6rsellerin telif haklar\u0131 al\u0131nm\u0131\u015ft\u0131r.<span class=\"Apple-converted-space\">\u00a0<\/span><\/p>\n","protected":false},"excerpt":{"rendered":"<p>Erhu Kemen\u00e7e Dersleri ve K\u0131lavuzu Dr. Goh Kiah Mok Ms. Jess Chew Ms. Lee Siew Poh Mr. Wilson Yao \u00a9 Dr. Goh Kiah Mok E-posta: mokgoh@gmail.com T\u00fcrk\u00e7e \u00c7eviri: Seher Tun\u00e7, Eda Ayd\u0131n, G\u00fcrdal Ertek G\u00f6rsellerin telif haklar\u0131 al\u0131nm\u0131\u015ft\u0131r.\u00a0<\/p>\n","protected":false},"author":1,"featured_media":0,"parent":0,"menu_order":0,"comment_status":"closed","ping_status":"closed","template":"","meta":{"footnotes":""},"class_list":["post-2","page","type-page","status-publish","hentry"],"_links":{"self":[{"href":"https:\/\/ertekprojects.com\/erhu\/wp-json\/wp\/v2\/pages\/2","targetHints":{"allow":["GET"]}}],"collection":[{"href":"https:\/\/ertekprojects.com\/erhu\/wp-json\/wp\/v2\/pages"}],"about":[{"href":"https:\/\/ertekprojects.com\/erhu\/wp-json\/wp\/v2\/types\/page"}],"author":[{"embeddable":true,"href":"https:\/\/ertekprojects.com\/erhu\/wp-json\/wp\/v2\/users\/1"}],"replies":[{"embeddable":true,"href":"https:\/\/ertekprojects.com\/erhu\/wp-json\/wp\/v2\/comments?post=2"}],"version-history":[{"count":10,"href":"https:\/\/ertekprojects.com\/erhu\/wp-json\/wp\/v2\/pages\/2\/revisions"}],"predecessor-version":[{"id":57,"href":"https:\/\/ertekprojects.com\/erhu\/wp-json\/wp\/v2\/pages\/2\/revisions\/57"}],"wp:attachment":[{"href":"https:\/\/ertekprojects.com\/erhu\/wp-json\/wp\/v2\/media?parent=2"}],"curies":[{"name":"wp","href":"https:\/\/api.w.org\/{rel}","templated":true}]}}