{"id":40,"date":"2021-09-20T20:16:12","date_gmt":"2021-09-20T20:16:12","guid":{"rendered":"https:\/\/ertekprojects.com\/erhu\/?page_id=40"},"modified":"2022-11-14T17:42:14","modified_gmt":"2022-11-14T17:42:14","slug":"ders-1","status":"publish","type":"page","link":"https:\/\/ertekprojects.com\/erhu\/ders-1\/","title":{"rendered":"Ders-1"},"content":{"rendered":"<h3 class=\"p1\"><span class=\"s2\"><b>G\u0130R\u0130\u015e\u00a0 \u00a0 \u00a0 \u00a0 \u00a0 \u00a0 \u00a0 \u00a0 \u00a0 \u00a0 \u00a0 \u00a0 \u00a0 \u00a0 \u00a0 \u00a0 \u00a0 \u00a0 \u00a0 \u00a0 \u00a0 \u00a0 \u00a0 \u00a0 \u00a0 \u00a0 \u00a0 \u00a0 \u00a0 \u00a0 \u00a0 \u00a0 \u00a0 \u00a0 \u00a0 \u00a0 \u00a0 \u00a0 \u00a0 \u00a0 \u00a0 \u00a0 \u00a0 \u00a0 \u00a0 \u00a0 \u00a0 \u00a0 \u00a0 \u00a0<img loading=\"lazy\" decoding=\"async\" class=\"wp-image-75 alignright\" src=\"https:\/\/ertekprojects.com\/erhu\/wp-content\/uploads\/2021\/10\/ders-1-245x300.png\" alt=\"\" width=\"100\" height=\"122\" srcset=\"https:\/\/ertekprojects.com\/erhu\/wp-content\/uploads\/2021\/10\/ders-1-245x300.png 245w, https:\/\/ertekprojects.com\/erhu\/wp-content\/uploads\/2021\/10\/ders-1.png 256w\" sizes=\"auto, (max-width: 100px) 100vw, 100px\" \/><\/b><\/span><\/h3>\n<h5 class=\"p3\"><i>Erhu kemen\u00e7e, \u00c7in orkestras\u0131nda ve \u00c7in M\u00fczik Tarihi&#8217;nde <\/i><\/h5>\n<h5 class=\"p3\"><i>\u00f6nemli bir rol oynayan telli bir m\u00fczik enstruman\u0131d\u0131r.<\/i><\/h5>\n<p class=\"p4\"><span class=\"s4\">E<\/span><span class=\"s5\">rhu kemen\u00e7e (\u015eekil 1), b<\/span><span class=\"s6\">in\u00a0y\u0131ll\u0131k\u00a0ge\u00e7mi\u015fi\u00a0olmas\u0131na ra\u011fmen\u00a0\u00c7ince d\u0131\u015f\u0131ndaki dillerde\u00a0<\/span><span class=\"s6\">\u00e7ok\u00a0az\u00a0kaynakta yer alan,\u00a0yayla\u00a0\u00e7al\u0131nan\u00a0telli\u00a0bir\u00a0m\u00fczik\u00a0enstruman\u0131d\u0131r (aletidir).<\/span><\/p>\n<p class=\"p5\"><span class=\"Apple-converted-space\">\u00a0<\/span><\/p>\n<p><img loading=\"lazy\" decoding=\"async\" class=\"alignnone wp-image-127\" src=\"https:\/\/ertekprojects.com\/erhu\/wp-content\/uploads\/2021\/10\/image-for-parts-tA\u030arka\u0301e-746x1024.png\" alt=\"\" width=\"400\" height=\"549\" srcset=\"https:\/\/ertekprojects.com\/erhu\/wp-content\/uploads\/2021\/10\/image-for-parts-tA\u030arka\u0301e-746x1024.png 746w, https:\/\/ertekprojects.com\/erhu\/wp-content\/uploads\/2021\/10\/image-for-parts-tA\u030arka\u0301e-219x300.png 219w, https:\/\/ertekprojects.com\/erhu\/wp-content\/uploads\/2021\/10\/image-for-parts-tA\u030arka\u0301e-768x1054.png 768w, https:\/\/ertekprojects.com\/erhu\/wp-content\/uploads\/2021\/10\/image-for-parts-tA\u030arka\u0301e.png 787w\" sizes=\"auto, (max-width: 400px) 100vw, 400px\" \/><\/p>\n<p class=\"p6\" style=\"text-align: left;\"><b>\u00a0 \u00a0 \u00a0 \u00a0 \u00a0 \u00a0 \u00a0 \u00a0 \u00a0 \u00a0 \u00a0 \u00a0 \u00a0 \u00a0 \u00a0 \u015eekil 1.<\/b> Erhu kemen\u00e7e.<\/p>\n<p>&nbsp;<\/p>\n<p>&nbsp;<\/p>\n<h3 class=\"p8\"><strong><span class=\"s7\">Erhu Kemen\u00e7enin Yap\u0131s\u0131<\/span><\/strong><\/h3>\n<p class=\"p10\"><img loading=\"lazy\" decoding=\"async\" class=\"alignnone wp-image-130\" src=\"https:\/\/ertekprojects.com\/erhu\/wp-content\/uploads\/2021\/10\/erhu-tA\u030arka\u0301e-300x300.jpg\" alt=\"\" width=\"400\" height=\"400\" srcset=\"https:\/\/ertekprojects.com\/erhu\/wp-content\/uploads\/2021\/10\/erhu-tA\u030arka\u0301e-300x300.jpg 300w, https:\/\/ertekprojects.com\/erhu\/wp-content\/uploads\/2021\/10\/erhu-tA\u030arka\u0301e-1024x1024.jpg 1024w, https:\/\/ertekprojects.com\/erhu\/wp-content\/uploads\/2021\/10\/erhu-tA\u030arka\u0301e-150x150.jpg 150w, https:\/\/ertekprojects.com\/erhu\/wp-content\/uploads\/2021\/10\/erhu-tA\u030arka\u0301e-768x768.jpg 768w, https:\/\/ertekprojects.com\/erhu\/wp-content\/uploads\/2021\/10\/erhu-tA\u030arka\u0301e.jpg 1080w\" sizes=\"auto, (max-width: 400px) 100vw, 400px\" \/><\/p>\n<p class=\"p6\"><b>\u00a0 \u00a0 \u00a0 \u00a0 \u00a0 \u015eekil 2.<\/b> Erhu kemen\u00e7enin yap\u0131s\u0131 ve k\u0131s\u0131mlar\u0131.<\/p>\n<p>&nbsp;<\/p>\n<p class=\"p13\"><span class=\"s3\">Erhu, ah\u015fap ve titre\u015fimli deriden yap\u0131lan<\/span><span class=\"s8\">, <\/span><span class=\"s3\">itme ve \u00e7ekme prensibi ile \u00e7al\u0131nan bir enstr\u00fcmand\u0131r.<span class=\"Apple-converted-space\">\u00a0<\/span><\/span><\/p>\n<p class=\"p13\"><span class=\"s3\">\u015eekil 2,<span class=\"Apple-converted-space\">\u00a0 <\/span>Erhu\u2019nun yap\u0131s\u0131n\u0131, ve erhuyu olu\u015fturan k\u0131s\u0131mlar\u0131\/par\u00e7alar\u0131 g\u00f6stermektedir: Ba\u015f k\u0131sm\u0131(kafa), ince tel akordu, kal\u0131n tel akordu, Erhu \u00e7ubu\u011fu, qianjin, \u00e7\u0131nlat\u0131c\u0131 (rezonat\u00f6r), titreyen deri, kal\u0131n tel (i\u00e7 tel) ve ince tel (d\u0131\u015f tel), k\u00f6pr\u00fc, yay ve ses kutusu dayana\u011f\u0131n\u0131 g\u00f6stermektedir.<\/span><\/p>\n<p class=\"p13\"><span class=\"s3\">Ses, yay ve \u00e7ubuk aras\u0131ndaki itme ve \u00e7ekmenin yol a\u00e7t\u0131\u011f\u0131 s\u00fcrt\u00fcnmeden do\u011farak, k\u00f6pr\u00fc ve titre\u015fim derisinden ge\u00e7erek, \u00e7\u0131nlat\u0131c\u0131dan \u00e7\u0131kar.<\/span><\/p>\n<p>&nbsp;<\/p>\n<h5 class=\"p13\"><span class=\"s3\"><b>Ses Kutusu ve \u00c7\u0131nlat\u0131c\u0131<\/b><\/span><span class=\"s9\">\uff08\u7434\u7b52\uff09<\/span><\/h5>\n<p class=\"p15\"><span class=\"s10\">Ses kutusunda yer alan \u00e7\u0131nlat\u0131c\u0131 (rezonat\u00f6r), Erhu\u2019da sesi yans\u0131tan k\u0131sm\u0131d\u0131r. \u0130lk zamanlar yuvarlak silindir \u015feklinde olan Erhu (\u015eekil 3), daha sonradan alt\u0131gen \u015feklini alm\u0131\u015ft\u0131r. 1970-80&#8217;li y\u0131llardan itibaren ise ses kutusu sekizgen, arkas\u0131 ise yuvarlak ve yumurta \u015fekline getirilmi\u015ftir. Ayr\u0131ca sesi art\u0131rmak amac\u0131yla ses kutusunun i\u00e7ine\u00a0bir bambu silindiri eklendi\u011fi de olur.<\/span><\/p>\n<p class=\"p13\"><span class=\"s3\">Ses kutusunun \u015feklini de\u011fi\u015ftirmenin temel amac\u0131 ses kalitesini art\u0131rmakt\u0131r. G\u00fcn\u00fcm\u00fczde Erhu alt\u0131gen ve sekizgen olmak \u00fczere iki tip ses kutusunda \u00e7al\u0131nmaktad\u0131r<\/span><span class=\"s8\">. <\/span><span class=\"s3\">Kuzey \u00c7in\u2019de y\u00fcksek ses efektleri \u00e7ok sevildi\u011finden sekizgen \u015fekilli ses kutusu pop\u00fclerli\u011fini s\u00fcrd\u00fcrmektedir. G\u00fcney \u00c7in\u2019de ise daha rafine ses kalitesi sevildi\u011finden alt\u0131gen ses kutusu kullan\u0131m\u0131 tercih edilmektedir.<span class=\"Apple-converted-space\">\u00a0<\/span><\/span><\/p>\n<p><img loading=\"lazy\" decoding=\"async\" class=\"alignnone wp-image-70\" src=\"https:\/\/ertekprojects.com\/erhu\/wp-content\/uploads\/2021\/10\/sekil-3-219x300.png\" alt=\"\" width=\"400\" height=\"547\" srcset=\"https:\/\/ertekprojects.com\/erhu\/wp-content\/uploads\/2021\/10\/sekil-3-219x300.png 219w, https:\/\/ertekprojects.com\/erhu\/wp-content\/uploads\/2021\/10\/sekil-3.png 424w\" sizes=\"auto, (max-width: 400px) 100vw, 400px\" \/><\/p>\n<p class=\"p6\"><b>\u015eekil 3.<\/b> Yuvarlak silindir \u015fekilli geleneksel Erhu\u2019yu \u00e7alan bir m\u00fczisyen.<\/p>\n<p>&nbsp;<\/p>\n<h5 class=\"p6\"><span class=\"s11\"><b>Erhu \/ Ba\u015f k\u0131sm\u0131<\/b><\/span><span class=\"s12\">\uff08\u7434\u5934\uff09<\/span><\/h5>\n<p class=\"p13\">Erhu\u2019nun ba\u015f k\u0131sm\u0131n\u0131n 3-4 temel \u015fekli bulunmaktad\u0131r. Ba\u015f k\u0131sm\u0131n\u0131n farkl\u0131 \u00e7e\u015fitleri ses kalitesini etkilememektedir. Farkl\u0131 \u00e7e\u015fitler esas olarak dekorasyon i\u00e7in kullan\u0131lmakla beraber, ayn\u0131 zamanda enstr\u00fcmanlar\u0131n k\u00f6keni hakk\u0131nda da fikir verir.<\/p>\n<p class=\"p13\"><span class=\"s3\">Erhu\u2019nun ba\u015f k\u0131sm\u0131nda \u00e7e\u015fitli oymalara rastlanabilir. Bunlar ejderha, bu\u011fday ve<\/span> <span class=\"s3\">ak\u0131\u015f \u015feklinde fig\u00fcrler olabilir. Bunun d\u0131\u015f\u0131nda, herhangi bir oyma i\u00e7ermeyen basit yass\u0131 yuvarlak ba\u015f k\u0131s\u0131mlar\u0131 da yayg\u0131nd\u0131r<\/span><span class=\"s8\">. <\/span><span class=\"s3\">Ejderha oymas\u0131 te\u015fhir ama\u00e7l\u0131 rafine enstr\u00fcmanlar i\u00e7in, ya da koleksiyonlar i\u00e7in \u00fcretilen enstr\u00fcmanlar\u0131nda yayg\u0131n olarak kullan\u0131lmaktad\u0131r. \u00c7in\u2019deki \u201cK\u00fclt\u00fcr Devrimi\u201d (1966-1976) d\u00f6neminde tar\u0131m en \u00f6nemli unsur oldu\u011fundan, bu\u011fday ve ak\u0131\u015flar\u0131 resmeden oymalar esas olarak bu d\u00f6nemde yayg\u0131n i\u015flenmi\u015ftir.<span class=\"Apple-converted-space\">\u00a0<\/span><\/span><\/p>\n<p class=\"p13\"><span class=\"s3\">Yass\u0131 yuvarlak \u015feklin \u00fc\u00e7 alt \u00e7e\u015fidi mevcuttur:<span class=\"Apple-converted-space\">\u00a0<\/span><\/span><\/p>\n<p class=\"p13\"><span class=\"s3\">(1) yass\u0131 yumurta \u015fekilli ba\u015f k\u0131sm\u0131 esas olarak Suzhou&#8217;da yayg\u0131nd\u0131r,<span class=\"Apple-converted-space\">\u00a0<\/span><\/span><\/p>\n<p class=\"p13\"><span class=\"s3\">(2) 2\/3 yumurta yass\u0131 \u015fekil esas olarak \u015eangay b\u00f6lgesinde \u00fcretilmektedir,<span class=\"Apple-converted-space\">\u00a0<\/span><\/span><\/p>\n<p class=\"p13\"><span class=\"s3\">(3) 2\/3 yuvarlak d\u00fcz \u015fekil esas olarak Pekin b\u00f6lgesinden gelmektedir.<span class=\"Apple-converted-space\">\u00a0<\/span><\/span><\/p>\n<p class=\"p13\"><span class=\"s3\">Son zamanlarda \u00fcretilen baz\u0131 enstrumanlar ise ba\u015f k\u0131sm\u0131 i\u00e7in merdiven \u015feklini kullanmaktad\u0131r. \u015eekil 3\u2019teki m\u00fczisyen ejderha kafal\u0131 Erhu \u00e7almaktad\u0131r.<\/span><\/p>\n<p>&nbsp;<\/p>\n<h5 class=\"p13\"><span class=\"s3\"><b>Titreyen Deri veya Y\u0131lan Derisi <\/b><\/span><span class=\"s9\">\uff08\u76ae\u819c\uff09<\/span><\/h5>\n<p class=\"p13\"><span class=\"s3\">Erhu kemen\u00e7enin titreyen deri k\u0131sm\u0131, Erhu&#8217;nun ana ve en \u00f6nemli k\u0131s\u0131mlar\u0131ndan biridir ve sentetik ya da y\u0131lan derisinden \u00fcretilir. D\u00fcz\/e\u015fit desenli veya yar\u0131 saydam kal\u0131nl\u0131\u011fa sahip olan deriler, daha iyi ses kalitesi \u00fcretebilmektedir.<\/span><\/p>\n<p>&nbsp;<\/p>\n<h5 class=\"p13\"><span class=\"s3\"><b>Ah\u015fap <\/b><\/span><span class=\"s9\">\uff08\u6728\u6599\uff09<\/span><\/h5>\n<p class=\"p13\"><span class=\"s3\">Erhu yap\u0131m\u0131nda g\u00fcl a\u011fac\u0131n\u0131n z\u0131mparalanmas\u0131ndan elde edilen siyah sert ah\u015fap kullan\u0131lmaktad\u0131r. Bunun sebebi \u015fudur: Sert odun kullan\u0131ld\u0131\u011f\u0131nda, titre\u015fim do\u011frudan y\u0131lan derisine odaklan\u0131r ve b\u00f6ylece daha kaliteli ses elde edilir.<span class=\"Apple-converted-space\">\u00a0<\/span><\/span><\/p>\n<p class=\"p13\"><span class=\"s3\">Erhu \u00fcreten baz\u0131 ustalar, ses kutusu dayana\u011f\u0131n\u0131n alt\u0131na bir kur\u015fun par\u00e7a a\u011f\u0131rl\u0131k ekler. Ses kalitesi artmasa bile bu a\u011f\u0131rl\u0131k sayesinde enstr\u00fcman \u00e7al\u0131n\u0131rken stabilize olur ve daha rahat \u00e7al\u0131n\u0131r.<\/span><\/p>\n<p>&nbsp;<\/p>\n<h5 class=\"p20\"><span class=\"s13\"><b>Tel<\/b><\/span><span class=\"s3\">\uff08\u7434\u5f26\uff09<\/span><\/h5>\n<p class=\"p13\"><span class=\"s3\">M\u00fczisyenin v\u00fccuduna daha yak\u0131n duran tel \u201ci\u00e7 tel\u201d olarak adland\u0131r\u0131l\u0131r. Di\u011fer tel ise \u201cd\u0131\u015f tel\u201d olarak adland\u0131r\u0131l\u0131r. Erhu kemen\u00e7enin telleri, genellikle D (re) ve A (la) notalar\u0131na akortlan\u0131r, ancak di\u011fer notalara<\/span><span class=\"s3\"> g\u00f6re de akort edilebilmektedir.<\/span><\/p>\n<p>&nbsp;<\/p>\n<h5 class=\"p13\"><span class=\"s3\"><b>Nota Okuma<\/b><\/span><span class=\"s9\">\uff08\u7434\u8c03\uff09<\/span><\/h5>\n<p class=\"p13\"><span class=\"s3\">T\u00fcm m\u00fczik \u00f6l\u00e7ekleri Bat\u0131 m\u00fczi\u011fiyle uyumludur, ancak baz\u0131 geleneksel m\u00fczikler farkl\u0131 bir \u00f6l\u00e7ek kullanmaktad\u0131r.<span class=\"Apple-converted-space\">\u00a0<\/span><\/span><\/p>\n<p class=\"p13\"><span class=\"s3\">\u00c7in M\u00fczi\u011finde ise Do, Re, Mi, Fa, Sol, La, Si, Do notalar\u0131n\u0131 temsil etmek i\u00e7in 1, 2, 3, 4, 5, 6, 7 notasyonlar\u0131 kullan\u0131lmaktad\u0131r. Erhu notalar\u0131ndan 3, 4, 7, ve 1 yar\u0131 tonlard\u0131r.<\/span><\/p>\n<p class=\"p13\"><span class=\"s3\">Erhu, D-A \u00f6l\u00e7e\u011fine g\u00f6re ayarland\u0131\u011f\u0131ndan Erhu i\u00e7in en kolay \u00f6l\u00e7ek D Maj\u00f6r ile ba\u015flamakt\u0131r. Di\u011fer \u00f6l\u00e7eklerinde maj\u00f6r farkl\u0131 \u015fekilde \u00e7al\u0131nacakt\u0131r.<\/span><\/p>\n<p>&nbsp;<\/p>\n<h5 class=\"p13\"><span class=\"s3\"><b>Yay <\/b><\/span><span class=\"s9\">\uff08\u5f13\uff09<\/span><\/h5>\n<p class=\"p13\"><span class=\"s3\">Erhu kemen\u00e7ede iki temel yay tipi mevcuttur: Uzun olan Kuzey \u00c7in Yay\u0131 ve daha k\u0131sa olan G\u00fcney \u00c7in Yay\u0131d\u0131r. Bunun nedeni olarak insan boylar\u0131n\u0131n Kuzey \u00c7in&#8217;de daha uzun ve G\u00fcney \u00c7in&#8217;de daha k\u0131sa olmas\u0131 rivayet edilmektedir. Oysa tabi ki g\u00fcn\u00fcm\u00fczde bu t\u00fcr bir durum s\u00f6z konusu de\u011fildir. Uzun ve k\u0131sa yaylar\u0131n aras\u0131nda farkl\u0131 uzunluk ve tiplerde Erhu yaylar\u0131na rastlanmaktad\u0131r.<\/span><\/p>\n<p class=\"p13\"><span class=\"s3\">Yay i\u00e7in kritik olan en \u00f6nemli \u00f6zellik, tek bir ba\u011flant\u0131\/birle\u015fme noktas\u0131 olmas\u0131 ve bu ba\u011flant\u0131\/birle\u015fme noktas\u0131n\u0131n yay\u0131n tepe k\u0131sm\u0131na ya da tutulan k\u0131sm\u0131na yak\u0131n olmas\u0131 gerekti\u011fidir. Bu, yay\u0131n a\u011f\u0131rl\u0131\u011f\u0131n\u0131n dengede kalmas\u0131n\u0131 sa\u011flayarak \u00e7e\u015fitli yay kullan\u0131m tekniklerinin uygulamas\u0131n\u0131 kolayla\u015ft\u0131r\u0131r.<\/span><\/p>\n<p class=\"p13\"><span class=\"s3\">Yay, ok \u00e7ubu\u011fu ve ok k\u0131l\u0131ndan meydana gelir.<span class=\"Apple-converted-space\">\u00a0<\/span><\/span><\/p>\n<p class=\"p13\"><span class=\"s3\">Ok k\u0131l\u0131 olarak at kuyru\u011fu k\u0131l\u0131 kullan\u0131lmaktad\u0131r, ancak sentetik k\u0131llar da mevcuttur. Beyaz at kuyru\u011fu siyah k\u0131ldan daha ince oldu\u011fu i\u00e7in beyaz k\u0131l tercih edilmelidir. \u0130nsan yap\u0131m\u0131 k\u0131llar ise ses efekti olarak iyi sonu\u00e7 vermedikleri i\u00e7in tavsiye edilmemektedir.<span class=\"Apple-converted-space\">\u00a0<\/span><\/span><\/p>\n<p class=\"p13\"><span class=\"s3\">Ok \u00e7ubu\u011fu bambu veya tahtadan yap\u0131labilir, ancak tahta \u00e7ubuklu yaylar daha a\u011f\u0131r ve daha az esnek olaca\u011f\u0131 i\u00e7in bambu \u00e7ubuklu yaylar tavsiye edilmektedir.<\/span><\/p>\n<p>&nbsp;<\/p>\n<h5 class=\"p13\"><span class=\"s3\"><b>K\u00f6pr\u00fc<\/b><\/span><span class=\"s9\">\uff08\u4e8c\u80e1\u7801\uff09<\/span><\/h5>\n<p class=\"p13\"><span class=\"s3\">Erhu k\u00f6pr\u00fcs\u00fc k\u00fc\u00e7\u00fck bir ah\u015fap par\u00e7as\u0131ndan olu\u015fmaktad\u0131r. Baz\u0131 m\u00fczisyenler g\u00fcl a\u011fac\u0131 gibi sert a\u011fa\u00e7lar\u0131n tahtas\u0131n\u0131 kullan\u0131rken baz\u0131lar\u0131 ak\u00e7aa\u011fa\u00e7 gibi yumu\u015fak tahtadan \u00fcretilen k\u00f6pr\u00fcy\u00fc tercih eder. Hatta baz\u0131 m\u00fczisyenler daha yumu\u015fak bir etki elde etmek i\u00e7in k\u00f6pr\u00fcy\u00fc ya\u011fa bat\u0131r\u0131rlar. Bu, Erhu&#8217;nun kalitesine ve m\u00fczisyenin sevdi\u011fi ya da tercih etti\u011fi ses efektine ba\u011fl\u0131d\u0131r. \u00dcst\u00fcn kalitede iyi bir ses efekti ise \u00e7ok ince ayar ve e\u015fle\u015ftirme gerektirmektedir.<\/span><\/p>\n<p>&nbsp;<\/p>\n<h5 class=\"p13\"><span class=\"s3\"><b>\u201cBin Alt\u0131n\u201d \/ Qianjin <\/b><\/span><span class=\"s9\">\uff08\u5343\u65a4\uff09<\/span><\/h5>\n<p class=\"p13\"><span class=\"s3\">Qianjin, Erhu tellerinin \u00fc\u00e7te birine denk gelecek \u015fekilde Erhu&#8217;nun k\u00f6pr\u00fc k\u0131sm\u0131na dolanan tel par\u00e7as\u0131d\u0131r. Qianjan\u2019daki ama\u00e7, i\u00e7 ve d\u0131\u015f telin ayn\u0131 konumdan ba\u015flayabilmesi ve telden gelen g\u00fcr\u00fclt\u00fcn\u00fcn kesilmesidir.<\/span><\/p>\n<p>&nbsp;<\/p>\n<h5 class=\"p13\"><span class=\"s3\"><b>Ses kutusu dayana\u011f\u0131 <\/b><\/span><span class=\"s9\">\uff08\u7434\u6258\uff09<\/span><\/h5>\n<p class=\"p13\"><span class=\"s3\">Erhu \u00e7e\u015fitlerinin baz\u0131lar\u0131nda ses kutusunun alt\u0131nda bir tahta par\u00e7as\u0131 bulunur. Ses kutusu dayana\u011f\u0131 olarak adland\u0131r\u0131lan bu par\u00e7a, ses kutusu ile v\u00fccut temas\u0131n\u0131 azaltarak ses kalitesini iyile\u015ftirmeye yard\u0131mc\u0131 olur. Yeni \u00fcretilen Erhu\u2019lar\u0131n \u00e7o\u011funda ses kutusu dayana\u011f\u0131 bulunmaktad\u0131r.<\/span><\/p>\n<p>&nbsp;<\/p>\n<h5 class=\"p13\"><span class=\"s3\"><b>Yay tutmak<\/b><\/span><span class=\"s14\"><span class=\"Apple-converted-space\">\u00a0 <\/span><\/span><span class=\"s9\">\uff08\u6301\u5f13\uff09<\/span><\/h5>\n<p class=\"p13\"><span class=\"s3\">Yay tutmak, \u00c7in boya f\u0131r\u00e7as\u0131n\u0131 tutmaya benzetilebilir: Orta parmak ve y\u00fcz\u00fck parma\u011f\u0131 at k\u0131l\u0131 ve bambu aras\u0131nda bulunmal\u0131d\u0131r. Bu iki parmak ile ses seviyesi kontrol edilmektedir.<span class=\"Apple-converted-space\">\u00a0<\/span><\/span><\/p>\n<p class=\"p13\"><span class=\"s3\">\u0130\u00e7 tel \u00e7al\u0131n\u0131rken, gerekli ses efektinin sa\u011flanabilmesi i\u00e7in her iki parma\u011f\u0131n da yay k\u0131l\u0131na basmas\u0131 ve g\u00fcc\u00fc kontrol etmesi gerekmektedir.<span class=\"Apple-converted-space\">\u00a0<\/span><\/span><\/p>\n<p class=\"p13\"><span class=\"s3\">Ayn\u0131 \u015fekilde d\u0131\u015f tel \u00e7al\u0131n\u0131rken, g\u00fcc\u00fcn ve ses efektinin kontrol edilebilmesi i\u00e7in her iki parmak bambuya do\u011fru itilmelidir.<span class=\"Apple-converted-space\">\u00a0<\/span><\/span><\/p>\n<p class=\"p13\"><span class=\"s3\">Yay k\u0131llar\u0131n\u0131n ses kutusuna ve ah\u015fap \u00e7ubu\u011fun ortas\u0131na dokunmas\u0131 gerekmektedir. Yer \u00e7ekimini kullanarak ses efekti olu\u015fturabilmek i\u00e7in yay, ses kutusu boyunca hareket ettirilir.<span class=\"Apple-converted-space\">\u00a0<\/span><\/span><\/p>\n<p class=\"p13\"><span class=\"s3\">\u00c7alan ki\u015finin yay tepesinde yay\u0131n g\u00fcc\u00fcn\u00fc kontrol etmesi gerekmektedir. B\u00f6ylece tel \u00fczerinde daha az g\u00fc\u00e7 uygulanacakt\u0131r ve daha net bir ses \u00e7\u0131kacakt\u0131r.<\/span><\/p>\n<p>&nbsp;<\/p>\n<h5 class=\"p23\"><span class=\"s3\"><b>Oturma pozisyonu<\/b><\/span> <span class=\"s9\">\uff08\u5750\u59ff\uff09<\/span><\/h5>\n<p class=\"p23\"><span class=\"s3\">\u00c7<\/span>o\u011fu m\u00fczisyen her iki ayak yere basacak \u015fekilde oturmaktad\u0131r (\u015eekil 4). Sol bacak, erhu ve sol el ayn\u0131 hizada olmal\u0131d\u0131r<span class=\"Apple-converted-space\">\u00a0 <\/span>(\u015eekil 4).<span class=\"Apple-converted-space\">\u00a0<\/span><\/p>\n<p class=\"p23\">Bacak boyu k\u0131sa olan m\u00fczisyenler, ayaklar\u0131n\u0131 yerden y\u00fckseltmek i\u00e7in ayaklar\u0131n\u0131n alt\u0131na bir tabure<span class=\"s3\"> yerle\u015ftirebilir.<\/span><\/p>\n<p class=\"p13\"><span class=\"s3\">Her bir Erhu kutusu veya \u00e7antas\u0131nda, yedek bir set olarak iki Erhu teli ve re\u00e7ine bulunmal\u0131d\u0131r.<span class=\"Apple-converted-space\">\u00a0<\/span><\/span><\/p>\n<p class=\"p24\"><span class=\"s2\">Erhu Se\u00e7imi<\/span><\/p>\n<p class=\"p13\"><span class=\"s3\">Erhu yaylar\u0131n\u0131n farkl\u0131 t\u00fcrleri vard\u0131r: Kuzey \u00c7in yay\u0131, G\u00fcney \u00c7in yay\u0131 ve belirli ses efektleri i\u00e7in \u00f6zel olarak yap\u0131lm\u0131\u015f yaylar. Erhu\u2019nuzun \u00e7alaca\u011f\u0131n\u0131z par\u00e7alarla da uyumlu olacak \u015fekilde e\u015fle\u015ftirilmesi gerekmektedir. Kullan\u0131ld\u0131k\u00e7a Erhu\u2019nun ses kalitesinin artmas\u0131 beklenebilir.<\/span><\/p>\n<p class=\"p23\"><span class=\"s3\">Erhu se\u00e7imi yap\u0131l\u0131rken birka\u00e7 noktaya dikkat etmelisiniz. Bunlar:<\/span><\/p>\n<p class=\"p23\"><span class=\"s15\">\u2022 <\/span><span class=\"s3\">Erhun\u0131n yap\u0131ld\u0131\u011f\u0131 tahta.<\/span><\/p>\n<p class=\"p23\"><span class=\"s15\">\u2022 <\/span><span class=\"s3\">Erhu \u015fekli<\/span><\/p>\n<p class=\"p23\"><span class=\"s15\">\u2022 <\/span><span class=\"s3\">Erhu&#8217;nun titre\u015fim derisi \/ y\u0131lan derisi.<\/span><\/p>\n","protected":false},"excerpt":{"rendered":"<p>G\u0130R\u0130\u015e\u00a0 \u00a0 \u00a0 \u00a0 \u00a0 \u00a0 \u00a0 \u00a0 \u00a0 \u00a0 \u00a0 \u00a0 \u00a0 \u00a0 \u00a0 \u00a0 \u00a0 \u00a0 \u00a0 \u00a0 \u00a0 \u00a0 \u00a0 \u00a0 \u00a0 \u00a0 \u00a0 \u00a0 \u00a0 \u00a0 \u00a0 \u00a0 \u00a0 \u00a0 \u00a0 \u00a0 \u00a0 \u00a0 \u00a0 \u00a0 \u00a0 \u00a0 \u00a0 \u00a0 \u00a0 \u00a0 \u00a0 \u00a0 \u00a0 \u00a0 Erhu kemen\u00e7e, \u00c7in orkestras\u0131nda ve [&hellip;]<\/p>\n","protected":false},"author":1,"featured_media":0,"parent":0,"menu_order":0,"comment_status":"closed","ping_status":"closed","template":"","meta":{"footnotes":""},"class_list":["post-40","page","type-page","status-publish","hentry"],"_links":{"self":[{"href":"https:\/\/ertekprojects.com\/erhu\/wp-json\/wp\/v2\/pages\/40","targetHints":{"allow":["GET"]}}],"collection":[{"href":"https:\/\/ertekprojects.com\/erhu\/wp-json\/wp\/v2\/pages"}],"about":[{"href":"https:\/\/ertekprojects.com\/erhu\/wp-json\/wp\/v2\/types\/page"}],"author":[{"embeddable":true,"href":"https:\/\/ertekprojects.com\/erhu\/wp-json\/wp\/v2\/users\/1"}],"replies":[{"embeddable":true,"href":"https:\/\/ertekprojects.com\/erhu\/wp-json\/wp\/v2\/comments?post=40"}],"version-history":[{"count":18,"href":"https:\/\/ertekprojects.com\/erhu\/wp-json\/wp\/v2\/pages\/40\/revisions"}],"predecessor-version":[{"id":292,"href":"https:\/\/ertekprojects.com\/erhu\/wp-json\/wp\/v2\/pages\/40\/revisions\/292"}],"wp:attachment":[{"href":"https:\/\/ertekprojects.com\/erhu\/wp-json\/wp\/v2\/media?parent=40"}],"curies":[{"name":"wp","href":"https:\/\/api.w.org\/{rel}","templated":true}]}}