{"id":56,"date":"2021-10-10T18:37:27","date_gmt":"2021-10-10T18:37:27","guid":{"rendered":"https:\/\/ertekprojects.com\/erhu\/?page_id=56"},"modified":"2022-04-11T15:27:06","modified_gmt":"2022-04-11T15:27:06","slug":"ders-2","status":"publish","type":"page","link":"https:\/\/ertekprojects.com\/erhu\/ders-2\/","title":{"rendered":"Ders-2"},"content":{"rendered":"<p class=\"p1\"><span class=\"s1\"><b><img loading=\"lazy\" decoding=\"async\" class=\"wp-image-95 alignright\" src=\"https:\/\/ertekprojects.com\/erhu\/wp-content\/uploads\/2021\/10\/ders-2-217x300.png\" alt=\"\" width=\"100\" height=\"138\" srcset=\"https:\/\/ertekprojects.com\/erhu\/wp-content\/uploads\/2021\/10\/ders-2-217x300.png 217w, https:\/\/ertekprojects.com\/erhu\/wp-content\/uploads\/2021\/10\/ders-2.png 258w\" sizes=\"auto, (max-width: 100px) 100vw, 100px\" \/>\u00a0 \u00a0 \u00a0 \u00a0 \u00a0 \u00a0 \u00a0 \u00a0 \u00a0 \u00a0 \u00a0 \u00a0 \u00a0 \u00a0 \u00a0 \u00a0 \u00a0 \u00a0 \u00a0 \u00a0 \u00a0 \u00a0 \u00a0 \u00a0 \u00a0 \u00a0 \u00a0 \u00a0 \u00a0 \u00a0 \u00a0 \u00a0 \u00a0 \u00a0 \u00a0 \u00a0 \u00a0 \u00a0 \u00a0 \u00a0 \u00a0 \u00a0 \u00a0 \u00a0 \u00a0 \u00a0 \u00a0 \u00a0 \u00a0 \u00a0 \u00a0 \u00a0 \u00a0 \u00a0 \u00a0 \u00a0 \u00a0 \u00a0 \u00a0 \u00a0 \u00a0 \u00a0 \u00a0 \u00a0 \u00a0 \u00a0 \u00a0 \u00a0 \u00a0 \u00a0 \u00a0 \u00a0 \u00a0 \u00a0 \u00a0 \u00a0 \u00a0 \u00a0\u00a0<\/b><\/span><\/p>\n<p>&nbsp;<\/p>\n<p>&nbsp;<\/p>\n<p>&nbsp;<\/p>\n<div id=\"attachment_132\" style=\"width: 510px\" class=\"wp-caption aligncenter\"><img loading=\"lazy\" decoding=\"async\" aria-describedby=\"caption-attachment-132\" class=\"wp-image-132\" src=\"https:\/\/ertekprojects.com\/erhu\/wp-content\/uploads\/2021\/10\/Depositphotos_431308542_xl-2015-300x200.jpg\" alt=\"\" width=\"500\" height=\"333\" srcset=\"https:\/\/ertekprojects.com\/erhu\/wp-content\/uploads\/2021\/10\/Depositphotos_431308542_xl-2015-300x200.jpg 300w, https:\/\/ertekprojects.com\/erhu\/wp-content\/uploads\/2021\/10\/Depositphotos_431308542_xl-2015-1024x683.jpg 1024w, https:\/\/ertekprojects.com\/erhu\/wp-content\/uploads\/2021\/10\/Depositphotos_431308542_xl-2015-768x512.jpg 768w, https:\/\/ertekprojects.com\/erhu\/wp-content\/uploads\/2021\/10\/Depositphotos_431308542_xl-2015-1536x1024.jpg 1536w, https:\/\/ertekprojects.com\/erhu\/wp-content\/uploads\/2021\/10\/Depositphotos_431308542_xl-2015-2048x1365.jpg 2048w\" sizes=\"auto, (max-width: 500px) 100vw, 500px\" \/><p id=\"caption-attachment-132\" class=\"wp-caption-text\"><b style=\"font-size: 16px; font-style: inherit;\">\u015eekil 4.<\/b><span style=\"font-size: 16px;\"> Do\u011fru oturma pozisyonu<\/span><\/p><\/div>\n<p><span class=\"s1\"><b>Al\u0131\u015ft\u0131rma 1<\/b><\/span><\/p>\n<p class=\"p3\"><span class=\"s2\"><b>\u00d6n \u00c7al\u0131\u015fma: <\/b>Erhu yap\u0131s\u0131, nota okuma, yay tutma, oturma pozisyonu, titreyen deri ve ah\u015fap se\u00e7imi vb. bilgileri peki\u015ftirmek ve Erhu \u00f6l\u00e7e\u011fini anlamak i\u00e7in Ders 1&#8217;i h\u0131zl\u0131 bir \u015fekilde g\u00f6zden ge\u00e7iriniz.<span class=\"Apple-converted-space\">\u00a0<\/span><\/span><\/p>\n<p class=\"p3\"><span class=\"s2\"><b>Al\u0131\u015ft\u0131rma 1: Bo\u015f Tel \u00c7al\u0131\u015fmas\u0131<\/b><span class=\"Apple-converted-space\">\u00a0<\/span><\/span><\/p>\n<p class=\"p3\"><span class=\"s2\">Bu uygulaman\u0131n esas\u0131 hem i\u00e7 yay\u0131n hem de d\u0131\u015f yay\u0131n \u00e7al\u0131nmas\u0131 s\u0131ras\u0131nda ortaya \u00e7\u0131kabilecek istenmeyen g\u00fcr\u00fclt\u00fcleri \u00f6nlemektir. A\u015fa\u011f\u0131daki kurallar\u0131 takip ederek Erhu \u00e7almaya ba\u015flayabilirsiniz:<\/span><\/p>\n<ol class=\"ol1\">\n<li class=\"li3\"><span class=\"s2\">Yay\u0131 \u00e7ekiniz<span class=\"Apple-converted-space\">\u00a0 <img loading=\"lazy\" decoding=\"async\" class=\"alignnone wp-image-97\" src=\"https:\/\/ertekprojects.com\/erhu\/wp-content\/uploads\/2021\/10\/n.png\" alt=\"\" width=\"15\" height=\"19\" \/>\u00a0 <\/span>ve yay\u0131 itiniz<span class=\"Apple-converted-space\">\u00a0 <img loading=\"lazy\" decoding=\"async\" class=\"alignnone wp-image-96\" src=\"https:\/\/ertekprojects.com\/erhu\/wp-content\/uploads\/2021\/10\/v.png\" alt=\"\" width=\"15\" height=\"18\" \/><\/span>.<\/span><\/li>\n<li class=\"li3\"><span class=\"s2\">\u00d6nce uzun teli \u00e7al\u0131n\u0131z.<\/span><\/li>\n<li class=\"li3\"><span class=\"s1\">Yay\u0131, ses kutusu \u00fczerinde, ve Erhu\u2019nun g\u00f6vdesine yak\u0131n ve dikey olacak \u015fekilde kontrol ediniz.<\/span><\/li>\n<li class=\"li3\"><span class=\"s1\">Yay, yay tepesindeyken, \u00e7ok fazla a\u011f\u0131rl\u0131k olmamas\u0131 i\u00e7in yay\u0131 kald\u0131rarak kontrol ediniz.<\/span><\/li>\n<li class=\"li3\"><span class=\"s1\">Yay, yay ucundayken, daha fazla ses olu\u015fturmak i\u00e7in bask\u0131 uygulay\u0131n\u0131z.<\/span><\/li>\n<li class=\"li3\"><span class=\"s1\">Genel olarak Erhu \u00e7alarken ama\u00e7, \u00e7alarken g\u00fcr\u00fclt\u00fcl\u00fc olmadan, sabit ses seviyesini s\u00fcrd\u00fcrebilmektir.<\/span>\n<p class=\"p1\"><span class=\"s1\">\u00c7in M\u00fczi\u011fi, Avrupa&#8217;da kullan\u0131lan 1, 2, 3, 4, 5, 6, 7 notasyonlar\u0131n\u0131 kullanmaktad\u0131r. Baz\u0131 geleneksel Avrupa m\u00fczikleri de benzer notalar\u0131 kullanmaktad\u0131r.<\/span><\/p>\n<p class=\"p1\"><span class=\"s1\">Her iki tel aras\u0131ndaki nota mesafesi \u00e7o\u011funlukla be\u015f aral\u0131kt\u0131r. Baz\u0131 \u00f6zel par\u00e7alarda nota mesafesi d\u00f6rt veya daha az aral\u0131kl\u0131 olabilir, ancak bunlar nadirdir.<span class=\"Apple-converted-space\">\u00a0<\/span><\/span><\/p>\n<p class=\"p1\"><span class=\"s1\">\u00d6rne\u011fin E maj\u00f6r \u00e7alabilmek i\u00e7in; parma\u011f\u0131n\u0131z d\u0131\u015f telin 4. aral\u0131\u011f\u0131 (Fa) \u00fczerinde bas\u0131l\u0131 olmal\u0131d\u0131r.<span class=\"Apple-converted-space\">\u00a0<\/span><\/span><\/p>\n<p class=\"p1\"><span class=\"s1\">7 ve 6#<\/span> <span class=\"s1\">ayn\u0131 notay\u0131 temsil etmektedir ancak 6# yerine 7 \u00e7al\u0131nacakt\u0131r.<\/span><\/p>\n<p class=\"p1\"><span class=\"s1\">\u00d6l\u00e7ekli \u00e7izim i\u00e7in \u00e7izgili A4 k\u00e2\u011f\u0131t kullanmay\u0131 deneyiniz. Her \u00f6l\u00e7ek bir sayfaya \u00e7izilmelidir.<\/span> <span class=\"s1\">Dersler, kendi kendine \u00f6\u011frenme y\u00f6ntemlerini geli\u015ftirmek i\u00e7indir, b\u00f6ylece hi\u00e7bir kat\u0131l\u0131mc\u0131n\u0131n \u00f6\u011frenme h\u0131z\u0131 \u00fczerinde herhangi bir bask\u0131 hissetmemesi sa\u011flanmaktad\u0131r. Zevk ald\u0131\u011f\u0131n\u0131z s\u00fcrece ilerleme h\u0131z\u0131nz\u0131 kendiniz se\u00e7ebilirsiniz.<\/span><\/p>\n<p class=\"p2\"><span class=\"s1\">Kat\u0131l\u0131mc\u0131lardan gelen sentetik deri hakk\u0131ndaki sorulara kar\u015f\u0131 g\u00f6r\u00fc\u015f\u00fcm ise \u015fu \u015fekildedir: Son zamanlarda \u00fcreticiler sentetik deri kullanan Erhu\u2019lar\u0131 daha \u00e7ok \u00fcretilmeye ve satmaya ba\u015flad\u0131lar. Bu sentetik deri kullanan Erhu\u2019lar\u0131n maliyeti ger\u00e7ek deriden nispeten daha d\u00fc\u015f\u00fck olmakla beraber, ses kalitesi \u00e7ok iyi de\u011fildir. \u0130nternet \u00fczerinde \u00c7in M\u00fczik enstr\u00fcman\u0131 satan \u00e7ok say\u0131da Singapur m\u00fczik ma\u011fazas\u0131 vard\u0131r ve bu ma\u011fazalarda sentetik derili Erhu\u2019lar mevcuttur. Bu \u00fcr\u00fcnlerden bir tanesin, \u015fu ba\u011flant\u0131da g\u00f6rebilirsiniz:<span class=\"Apple-converted-space\">\u00a0<\/span><\/span><\/p>\n<p class=\"p3\"><span class=\"s4\"><a href=\"http:\/\/www.easonmusicstore.com\/webshaper\/store\/viewProd.asp?pkProductItem=3\">http:\/\/www.easonmusicstore.com\/webshaper\/store\/viewProd.asp?pkProductItem=3<\/a><\/span><\/p>\n<p class=\"p2\"><span class=\"s1\">Hong Kong \u00c7in Orkestras\u0131 y\u0131lan derisi yerine sentetik deri kullanan, ve seyahatlerinde kullanmaya uygun bir Erhu tasarlam\u0131\u015ft\u0131r, ancak bu Erhu ma\u011fazalarda sat\u0131\u015fa sunulmam\u0131\u015ft\u0131r.<span class=\"Apple-converted-space\">\u00a0<\/span><\/span><\/p>\n<p class=\"p2\"><span class=\"s1\">Ayr\u0131ca, m\u00fczisyen George Gao da y\u0131lan derisi kullanmadan kendi Erhu&#8217;sunu tasarlam\u0131\u015ft\u0131r:<span class=\"Apple-converted-space\">\u00a0<\/span><\/span><\/p>\n<p class=\"p4\"><span class=\"s5\"><a href=\"http:\/\/www.georgegao.com\/\">http:\/\/www.georgegao.com\/<\/a><\/span><\/p>\n<p class=\"p2\"><span class=\"s1\">Bu t\u00fcr bir Erhu \u00e7ok \u00f6zel olarak \u00fcretilmektedir. George Gao onu yakla\u015f\u0131k 6 bin dolara sat\u0131\u015fa sunmu\u015ftur.<span class=\"Apple-converted-space\">\u00a0<\/span><\/span><\/p>\n<\/li>\n<\/ol>\n","protected":false},"excerpt":{"rendered":"<p>\u00a0 \u00a0 \u00a0 \u00a0 \u00a0 \u00a0 \u00a0 \u00a0 \u00a0 \u00a0 \u00a0 \u00a0 \u00a0 \u00a0 \u00a0 \u00a0 \u00a0 \u00a0 \u00a0 \u00a0 \u00a0 \u00a0 \u00a0 \u00a0 \u00a0 \u00a0 \u00a0 \u00a0 \u00a0 \u00a0 \u00a0 \u00a0 \u00a0 \u00a0 \u00a0 \u00a0 \u00a0 \u00a0 \u00a0 \u00a0 \u00a0 \u00a0 \u00a0 \u00a0 \u00a0 \u00a0 \u00a0 \u00a0 \u00a0 \u00a0 \u00a0 \u00a0 \u00a0 \u00a0 \u00a0 [&hellip;]<\/p>\n","protected":false},"author":1,"featured_media":0,"parent":0,"menu_order":0,"comment_status":"closed","ping_status":"closed","template":"","meta":{"footnotes":""},"class_list":["post-56","page","type-page","status-publish","hentry"],"_links":{"self":[{"href":"https:\/\/ertekprojects.com\/erhu\/wp-json\/wp\/v2\/pages\/56","targetHints":{"allow":["GET"]}}],"collection":[{"href":"https:\/\/ertekprojects.com\/erhu\/wp-json\/wp\/v2\/pages"}],"about":[{"href":"https:\/\/ertekprojects.com\/erhu\/wp-json\/wp\/v2\/types\/page"}],"author":[{"embeddable":true,"href":"https:\/\/ertekprojects.com\/erhu\/wp-json\/wp\/v2\/users\/1"}],"replies":[{"embeddable":true,"href":"https:\/\/ertekprojects.com\/erhu\/wp-json\/wp\/v2\/comments?post=56"}],"version-history":[{"count":26,"href":"https:\/\/ertekprojects.com\/erhu\/wp-json\/wp\/v2\/pages\/56\/revisions"}],"predecessor-version":[{"id":255,"href":"https:\/\/ertekprojects.com\/erhu\/wp-json\/wp\/v2\/pages\/56\/revisions\/255"}],"wp:attachment":[{"href":"https:\/\/ertekprojects.com\/erhu\/wp-json\/wp\/v2\/media?parent=56"}],"curies":[{"name":"wp","href":"https:\/\/api.w.org\/{rel}","templated":true}]}}