{"id":154,"date":"2014-07-25T23:21:10","date_gmt":"2014-07-25T23:21:10","guid":{"rendered":"http:\/\/ertekprojects.com\/online-training\/?page_id=154"},"modified":"2023-11-02T12:22:40","modified_gmt":"2023-11-02T12:22:40","slug":"about-dr-gurdal-ertek","status":"publish","type":"page","link":"https:\/\/ertekprojects.com\/online-training\/about-dr-gurdal-ertek\/","title":{"rendered":"About Dr. G\u00fcrdal Ertek"},"content":{"rendered":"<div>\n<p><a title=\"Dr. Gurdal Ertek's Website\" href=\"http:\/\/ertekprojects.com\/gurdalertek\/\" target=\"_blank\" rel=\"noopener noreferrer\">Click here to visit Dr. G\u00fcrdal Ertek&#8217;s Website<\/a><\/p>\n<p><strong>\u00a0DR. G\u00dcRDAL ERTEK<\/strong><\/p>\n<p><a href=\"https:\/\/ertekprojects.com\/online-training\/wp-content\/uploads\/2014\/07\/Gurdal-Ertek.jpg\"><img decoding=\"async\" class=\"alignnone size-medium wp-image-610 lazyload\" data-src=\"https:\/\/ertekprojects.com\/online-training\/wp-content\/uploads\/2014\/07\/Gurdal-Ertek-300x300.jpg\" alt=\"Gurdal Ertek\" width=\"300\" height=\"300\" data-srcset=\"https:\/\/ertekprojects.com\/online-training\/wp-content\/uploads\/2014\/07\/Gurdal-Ertek-300x300.jpg 300w, https:\/\/ertekprojects.com\/online-training\/wp-content\/uploads\/2014\/07\/Gurdal-Ertek-150x150.jpg 150w, https:\/\/ertekprojects.com\/online-training\/wp-content\/uploads\/2014\/07\/Gurdal-Ertek-550x550.jpg 550w, https:\/\/ertekprojects.com\/online-training\/wp-content\/uploads\/2014\/07\/Gurdal-Ertek-520x520.jpg 520w, https:\/\/ertekprojects.com\/online-training\/wp-content\/uploads\/2014\/07\/Gurdal-Ertek-625x625.jpg 625w, https:\/\/ertekprojects.com\/online-training\/wp-content\/uploads\/2014\/07\/Gurdal-Ertek-15x15.jpg 15w, https:\/\/ertekprojects.com\/online-training\/wp-content\/uploads\/2014\/07\/Gurdal-Ertek.jpg 722w\" data-sizes=\"(max-width: 300px) 100vw, 300px\" src=\"data:image\/svg+xml;base64,PHN2ZyB3aWR0aD0iMSIgaGVpZ2h0PSIxIiB4bWxucz0iaHR0cDovL3d3dy53My5vcmcvMjAwMC9zdmciPjwvc3ZnPg==\" style=\"--smush-placeholder-width: 300px; --smush-placeholder-aspect-ratio: 300\/300;\" \/><\/a><\/p>\n<p>|. Before joining ADU, Dr. Ertek served for 12 years at <a href=\"http:\/\/www.sabanciuniv.edu\/\">Sabanc\u0131 University,<\/a>\u00a0Istanbul, Turkey, and other institutions in Singapore, Kuwait, and United Arab Emirates (UAE).Dr. G\u00fcrdal Ertek is an Associate Professor of Management at <a href=\"https:\/\/uaeu.ac.ae\/ar\/\">UAE University<\/a> College of Business and Economics now.<\/p>\n<p>Dr. G\u00fcrdal Ertek received his B.S. from Industrial Engineering Department of Bo\u011fazi\u00e7i University, Istanbul, Turkey, in 1994, and his Ph.D. from School of Industrial and Systems Engineering at Georgia Institute of Technology, Atlanta, GA, in 2001. His research areas include supply chain management, data mining, and applications of Industrial Engineering and\u00a0Operations\u00a0Research.<\/p>\n<p>Dr. Ertek has been awarded with Bo\u011fazi\u00e7i University Alumni Scholarship, Hac\u0131 \u00d6mer Sabanc\u0131 Scholarship, and Fulbright Scholarship.<\/p>\n<p>Dr. Ertek has taught more than 1500 students in lecture-styled courses and has supervised more than 500 students in project courses, such as PROJ 102 (Project Course) and ENS 491 (Senior Project). He has also served as a reviewer for more than 50 R&amp;D projects submitted to T\u00dcB\u0130TAK (Turkish National Science Foundation).<\/p>\n<p><a title=\"Dr. Gurdal Ertek's Website\" href=\"http:\/\/ertekprojects.com\/gurdalertek\/\" target=\"_blank\" rel=\"noopener noreferrer\">Click here to visit Dr. G\u00fcrdal Ertek&#8217;s Website<\/a><\/p>\n<p><strong>Dr. G\u00fcrdal Ertek @ Social Web:<br \/>\n<\/strong><\/p>\n<p><a href=\"https:\/\/twitter.com\/gurdalertek\" target=\"_blank\" rel=\"https:\/\/twitter.com\/gurdalertek noopener noreferrer\"><img decoding=\"async\" class=\"alignnone wp-image-253 size-full lazyload\" data-src=\"https:\/\/ertekprojects.com\/online-training\/wp-content\/uploads\/2014\/07\/twitter.png\" alt=\"Dr. G\u00fcrdal Ertek @ Twitter\" width=\"167\" height=\"72\" src=\"data:image\/svg+xml;base64,PHN2ZyB3aWR0aD0iMSIgaGVpZ2h0PSIxIiB4bWxucz0iaHR0cDovL3d3dy53My5vcmcvMjAwMC9zdmciPjwvc3ZnPg==\" style=\"--smush-placeholder-width: 167px; --smush-placeholder-aspect-ratio: 167\/72;\" \/><\/a><a href=\"https:\/\/www.linkedin.com\/pub\/gurdal-ertek\/4\/780\/ba8\" target=\"_blank\" rel=\"https:\/\/www.linkedin.com\/pub\/gurdal-ertek\/4\/780\/ba8 noopener noreferrer\"><img decoding=\"async\" class=\"alignnone wp-image-254 size-full lazyload\" data-src=\"https:\/\/ertekprojects.com\/online-training\/wp-content\/uploads\/2014\/07\/linkedin.png\" alt=\"Dr. G\u00fcrdal Ertek @ LinkedIn\" width=\"167\" height=\"72\" src=\"data:image\/svg+xml;base64,PHN2ZyB3aWR0aD0iMSIgaGVpZ2h0PSIxIiB4bWxucz0iaHR0cDovL3d3dy53My5vcmcvMjAwMC9zdmciPjwvc3ZnPg==\" style=\"--smush-placeholder-width: 167px; --smush-placeholder-aspect-ratio: 167\/72;\" \/><\/a><\/p>\n<p><strong>DR. G\u00dcRDAL ERTEK<\/strong><\/p>\n<p>Do\u00e7. Dr. G\u00fcrdal Ertek, <a href=\"http:\/\/www.adu.ac.ae\">Abu Dhabi \u00dcniversitesi<\/a>\u2019nde\u00a0\u00f6gretim\u00a0\u00fcyesidir.\u00a0Daha\u00a0\u00f6ncesinde\u00a0uzun y\u0131llar Sabanc\u0131 \u00dcniversitesi\u2019nde M\u00fchendislik ve Do\u011fa Bilimleri Fak\u00fcltesi\u2019nde \u00f6\u011fretim \u00fcyesi olarak\u00a0\u00e7al\u0131\u015fm\u0131\u015ft\u0131r. Kendisi ayr\u0131ca Singapur, Kuveyt, ve Birle\u015fik Arap Emirlikleri&#8217;nde \u00e7e\u015fitli kurumlarda g\u00f6rev alm\u0131\u015ft\u0131r.<\/p>\n<p>Dr. Ertek 1994 y\u0131l\u0131nda Bo\u011fazi\u00e7i \u00dcniversitesi End\u00fcstri M\u00fchendisli\u011fi B\u00f6l\u00fcm\u00fc\u2019nden lisans derecesini, 1996 y\u0131l\u0131nda Georgia Institute of Technology (Atlanta, A.B.D.) End\u00fcstri Sistem ve M\u00fchendisli\u011fi fak\u00fcltesinden y\u00fcksek lisans derecesini, 2001 y\u0131l\u0131nda ise yine ayn\u0131 b\u00f6l\u00fcmden doktora derecesini alm\u0131\u015ft\u0131r. Doktora tez konusu oyun teorisinin tedarik zincirinde uygulamalar\u0131 olan Dr. Ertek\u2019in ba\u015fl\u0131ca ara\u015ft\u0131rma alanlar\u0131 depolama lojisti\u011fi ve veri madencili\u011fidir;\u00a0 bunlar\u0131n yan\u0131s\u0131ra end\u00fcstri m\u00fchendisli\u011fi metodolojilerinin farkl\u0131 sekt\u00f6rlerde uygulanmas\u0131n\u0131 konu alan \u00e7al\u0131\u015fmalar\u0131 mevcuttur.<\/p>\n<p>1990 y\u0131l\u0131nda \u00d6SS\u2019de (\u00d6\u011frenci Se\u00e7me S\u0131nav\u0131) 10. olmas\u0131 sebebiyle kazand\u0131\u011f\u0131 B\u00dcMED (Bo\u011fazi\u00e7i \u00dcniversitesi Mezunlar Derne\u011fi) Bursu\u2019nun yan\u0131s\u0131ra Hac\u0131 \u00d6mer Sabanc\u0131 Vakf\u0131 Bursu\u2019na (1996) ve Fulbright Bursu\u2019na (1995) lay\u0131k g\u00f6r\u00fclen Dr. Ertek Sabanc\u0131 \u00dcniversitesi\u2019nde bulundu\u011fu 12 y\u0131l i\u00e7inde 1500\u2019den fazla \u00f6\u011frenciye ders vermi\u015f, 500\u2019den fazla \u00f6\u011frenciye birebir dan\u0131\u015fman olarak proje yapt\u0131rm\u0131\u015ft\u0131r.<\/p>\n<p><a title=\"Dr. Gurdal Ertek's Website\" href=\"http:\/\/ertekprojects.com\/gurdalertek\/\" target=\"_blank\" rel=\"noopener noreferrer\">Click here to visit Dr. G\u00fcrdal Ertek&#8217;s Website<\/a><\/p>\n<p><strong>Dr. G\u00fcrdal Ertek @ Social Web:<br \/>\n<\/strong><\/p>\n<p><a href=\"https:\/\/twitter.com\/gurdalertek\" target=\"_blank\" rel=\"https:\/\/twitter.com\/gurdalertek noopener noreferrer\"><img decoding=\"async\" class=\"alignnone wp-image-253 size-full lazyload\" data-src=\"https:\/\/ertekprojects.com\/online-training\/wp-content\/uploads\/2014\/07\/twitter.png\" alt=\"Dr. G\u00fcrdal Ertek @ Twitter\" width=\"167\" height=\"72\" src=\"data:image\/svg+xml;base64,PHN2ZyB3aWR0aD0iMSIgaGVpZ2h0PSIxIiB4bWxucz0iaHR0cDovL3d3dy53My5vcmcvMjAwMC9zdmciPjwvc3ZnPg==\" style=\"--smush-placeholder-width: 167px; --smush-placeholder-aspect-ratio: 167\/72;\" \/><\/a><a href=\"https:\/\/www.linkedin.com\/pub\/gurdal-ertek\/4\/780\/ba8\" target=\"_blank\" rel=\"https:\/\/www.linkedin.com\/pub\/gurdal-ertek\/4\/780\/ba8 noopener noreferrer\"><img decoding=\"async\" class=\"alignnone wp-image-254 size-full lazyload\" data-src=\"https:\/\/ertekprojects.com\/online-training\/wp-content\/uploads\/2014\/07\/linkedin.png\" alt=\"Dr. G\u00fcrdal Ertek @ LinkedIn\" width=\"167\" height=\"72\" src=\"data:image\/svg+xml;base64,PHN2ZyB3aWR0aD0iMSIgaGVpZ2h0PSIxIiB4bWxucz0iaHR0cDovL3d3dy53My5vcmcvMjAwMC9zdmciPjwvc3ZnPg==\" style=\"--smush-placeholder-width: 167px; --smush-placeholder-aspect-ratio: 167\/72;\" \/><\/a><\/p>\n<\/div>\n","protected":false},"excerpt":{"rendered":"<p>Click here to visit Dr. G\u00fcrdal Ertek&#8217;s Website \u00a0DR. G\u00dcRDAL ERTEK |. Before joining ADU, Dr. Ertek served for 12 years at Sabanc\u0131 University,\u00a0Istanbul, Turkey, and other institutions in Singapore, Kuwait, and United Arab Emirates (UAE).Dr. G\u00fcrdal Ertek is an Associate Professor of Management at UAE University College of Business and Economics now. Dr. G\u00fcrdal [&hellip;]<\/p>\n","protected":false},"author":1,"featured_media":0,"parent":0,"menu_order":0,"comment_status":"closed","ping_status":"closed","template":"","meta":{"footnotes":""},"class_list":["post-154","page","type-page","status-publish","hentry"],"yoast_head":"<!-- This site is optimized with the Yoast SEO plugin v27.4 - https:\/\/yoast.com\/product\/yoast-seo-wordpress\/ -->\n<title>About Dr. G\u00fcrdal Ertek Online Training by Dr. Gurdal Ertek and Colleagues<\/title>\n<meta name=\"description\" content=\"Dr. G\u00fcrdal Ertek is an Associate Professor of Management at\u00a0Abu Dhabi University (ADU) College of Business\" \/>\n<meta name=\"robots\" content=\"index, follow, max-snippet:-1, max-image-preview:large, max-video-preview:-1\" \/>\n<link rel=\"canonical\" href=\"https:\/\/ertekprojects.com\/online-training\/about-dr-gurdal-ertek\/\" \/>\n<meta property=\"og:locale\" content=\"en_US\" \/>\n<meta property=\"og:type\" content=\"article\" \/>\n<meta property=\"og:title\" content=\"About Dr. G\u00fcrdal Ertek Online Training by Dr. Gurdal Ertek and Colleagues\" \/>\n<meta property=\"og:description\" content=\"Dr. G\u00fcrdal Ertek is an Associate Professor of Management at\u00a0Abu Dhabi University (ADU) College of Business\" \/>\n<meta property=\"og:url\" content=\"https:\/\/ertekprojects.com\/online-training\/about-dr-gurdal-ertek\/\" \/>\n<meta property=\"og:site_name\" content=\"Online Training by Dr. Gurdal Ertek and Colleagues\" \/>\n<meta property=\"article:modified_time\" content=\"2023-11-02T12:22:40+00:00\" \/>\n<meta property=\"og:image\" content=\"https:\/\/ertekprojects.com\/online-training\/wp-content\/uploads\/2014\/07\/Gurdal-Ertek-300x300.jpg\" \/>\n<meta name=\"twitter:card\" content=\"summary_large_image\" \/>\n<meta name=\"twitter:label1\" content=\"Est. reading time\" \/>\n\t<meta name=\"twitter:data1\" content=\"3 minutes\" \/>\n<script type=\"application\/ld+json\" class=\"yoast-schema-graph\">{\"@context\":\"https:\\\/\\\/schema.org\",\"@graph\":[{\"@type\":\"WebPage\",\"@id\":\"https:\\\/\\\/ertekprojects.com\\\/online-training\\\/about-dr-gurdal-ertek\\\/\",\"url\":\"https:\\\/\\\/ertekprojects.com\\\/online-training\\\/about-dr-gurdal-ertek\\\/\",\"name\":\"About Dr. G\u00fcrdal Ertek Online Training by Dr. Gurdal Ertek and Colleagues\",\"isPartOf\":{\"@id\":\"https:\\\/\\\/ertekprojects.com\\\/online-training\\\/#website\"},\"primaryImageOfPage\":{\"@id\":\"https:\\\/\\\/ertekprojects.com\\\/online-training\\\/about-dr-gurdal-ertek\\\/#primaryimage\"},\"image\":{\"@id\":\"https:\\\/\\\/ertekprojects.com\\\/online-training\\\/about-dr-gurdal-ertek\\\/#primaryimage\"},\"thumbnailUrl\":\"https:\\\/\\\/ertekprojects.com\\\/online-training\\\/wp-content\\\/uploads\\\/2014\\\/07\\\/Gurdal-Ertek-300x300.jpg\",\"datePublished\":\"2014-07-25T23:21:10+00:00\",\"dateModified\":\"2023-11-02T12:22:40+00:00\",\"description\":\"Dr. G\u00fcrdal Ertek is an Associate Professor of Management at\u00a0Abu Dhabi University (ADU) College of Business\",\"breadcrumb\":{\"@id\":\"https:\\\/\\\/ertekprojects.com\\\/online-training\\\/about-dr-gurdal-ertek\\\/#breadcrumb\"},\"inLanguage\":\"en-US\",\"potentialAction\":[{\"@type\":\"ReadAction\",\"target\":[\"https:\\\/\\\/ertekprojects.com\\\/online-training\\\/about-dr-gurdal-ertek\\\/\"]}]},{\"@type\":\"ImageObject\",\"inLanguage\":\"en-US\",\"@id\":\"https:\\\/\\\/ertekprojects.com\\\/online-training\\\/about-dr-gurdal-ertek\\\/#primaryimage\",\"url\":\"https:\\\/\\\/ertekprojects.com\\\/online-training\\\/wp-content\\\/uploads\\\/2014\\\/07\\\/Gurdal-Ertek.jpg\",\"contentUrl\":\"https:\\\/\\\/ertekprojects.com\\\/online-training\\\/wp-content\\\/uploads\\\/2014\\\/07\\\/Gurdal-Ertek.jpg\",\"width\":722,\"height\":722,\"caption\":\"Gurdal Ertek\"},{\"@type\":\"BreadcrumbList\",\"@id\":\"https:\\\/\\\/ertekprojects.com\\\/online-training\\\/about-dr-gurdal-ertek\\\/#breadcrumb\",\"itemListElement\":[{\"@type\":\"ListItem\",\"position\":1,\"name\":\"Home\",\"item\":\"https:\\\/\\\/ertekprojects.com\\\/online-training\\\/\"},{\"@type\":\"ListItem\",\"position\":2,\"name\":\"About Dr. G\u00fcrdal Ertek\"}]},{\"@type\":\"WebSite\",\"@id\":\"https:\\\/\\\/ertekprojects.com\\\/online-training\\\/#website\",\"url\":\"https:\\\/\\\/ertekprojects.com\\\/online-training\\\/\",\"name\":\"Online Training by Dr. Gurdal Ertek and Colleagues\",\"description\":\"\",\"potentialAction\":[{\"@type\":\"SearchAction\",\"target\":{\"@type\":\"EntryPoint\",\"urlTemplate\":\"https:\\\/\\\/ertekprojects.com\\\/online-training\\\/?s={search_term_string}\"},\"query-input\":{\"@type\":\"PropertyValueSpecification\",\"valueRequired\":true,\"valueName\":\"search_term_string\"}}],\"inLanguage\":\"en-US\"}]}<\/script>\n<!-- \/ Yoast SEO plugin. -->","yoast_head_json":{"title":"About Dr. G\u00fcrdal Ertek Online Training by Dr. Gurdal Ertek and Colleagues","description":"Dr. G\u00fcrdal Ertek is an Associate Professor of Management at\u00a0Abu Dhabi University (ADU) College of Business","robots":{"index":"index","follow":"follow","max-snippet":"max-snippet:-1","max-image-preview":"max-image-preview:large","max-video-preview":"max-video-preview:-1"},"canonical":"https:\/\/ertekprojects.com\/online-training\/about-dr-gurdal-ertek\/","og_locale":"en_US","og_type":"article","og_title":"About Dr. G\u00fcrdal Ertek Online Training by Dr. Gurdal Ertek and Colleagues","og_description":"Dr. G\u00fcrdal Ertek is an Associate Professor of Management at\u00a0Abu Dhabi University (ADU) College of Business","og_url":"https:\/\/ertekprojects.com\/online-training\/about-dr-gurdal-ertek\/","og_site_name":"Online Training by Dr. Gurdal Ertek and Colleagues","article_modified_time":"2023-11-02T12:22:40+00:00","og_image":[{"url":"https:\/\/ertekprojects.com\/online-training\/wp-content\/uploads\/2014\/07\/Gurdal-Ertek-300x300.jpg","type":"","width":"","height":""}],"twitter_card":"summary_large_image","twitter_misc":{"Est. reading time":"3 minutes"},"schema":{"@context":"https:\/\/schema.org","@graph":[{"@type":"WebPage","@id":"https:\/\/ertekprojects.com\/online-training\/about-dr-gurdal-ertek\/","url":"https:\/\/ertekprojects.com\/online-training\/about-dr-gurdal-ertek\/","name":"About Dr. G\u00fcrdal Ertek Online Training by Dr. Gurdal Ertek and Colleagues","isPartOf":{"@id":"https:\/\/ertekprojects.com\/online-training\/#website"},"primaryImageOfPage":{"@id":"https:\/\/ertekprojects.com\/online-training\/about-dr-gurdal-ertek\/#primaryimage"},"image":{"@id":"https:\/\/ertekprojects.com\/online-training\/about-dr-gurdal-ertek\/#primaryimage"},"thumbnailUrl":"https:\/\/ertekprojects.com\/online-training\/wp-content\/uploads\/2014\/07\/Gurdal-Ertek-300x300.jpg","datePublished":"2014-07-25T23:21:10+00:00","dateModified":"2023-11-02T12:22:40+00:00","description":"Dr. G\u00fcrdal Ertek is an Associate Professor of Management at\u00a0Abu Dhabi University (ADU) College of Business","breadcrumb":{"@id":"https:\/\/ertekprojects.com\/online-training\/about-dr-gurdal-ertek\/#breadcrumb"},"inLanguage":"en-US","potentialAction":[{"@type":"ReadAction","target":["https:\/\/ertekprojects.com\/online-training\/about-dr-gurdal-ertek\/"]}]},{"@type":"ImageObject","inLanguage":"en-US","@id":"https:\/\/ertekprojects.com\/online-training\/about-dr-gurdal-ertek\/#primaryimage","url":"https:\/\/ertekprojects.com\/online-training\/wp-content\/uploads\/2014\/07\/Gurdal-Ertek.jpg","contentUrl":"https:\/\/ertekprojects.com\/online-training\/wp-content\/uploads\/2014\/07\/Gurdal-Ertek.jpg","width":722,"height":722,"caption":"Gurdal Ertek"},{"@type":"BreadcrumbList","@id":"https:\/\/ertekprojects.com\/online-training\/about-dr-gurdal-ertek\/#breadcrumb","itemListElement":[{"@type":"ListItem","position":1,"name":"Home","item":"https:\/\/ertekprojects.com\/online-training\/"},{"@type":"ListItem","position":2,"name":"About Dr. G\u00fcrdal Ertek"}]},{"@type":"WebSite","@id":"https:\/\/ertekprojects.com\/online-training\/#website","url":"https:\/\/ertekprojects.com\/online-training\/","name":"Online Training by Dr. Gurdal Ertek and Colleagues","description":"","potentialAction":[{"@type":"SearchAction","target":{"@type":"EntryPoint","urlTemplate":"https:\/\/ertekprojects.com\/online-training\/?s={search_term_string}"},"query-input":{"@type":"PropertyValueSpecification","valueRequired":true,"valueName":"search_term_string"}}],"inLanguage":"en-US"}]}},"_links":{"self":[{"href":"https:\/\/ertekprojects.com\/online-training\/wp-json\/wp\/v2\/pages\/154","targetHints":{"allow":["GET"]}}],"collection":[{"href":"https:\/\/ertekprojects.com\/online-training\/wp-json\/wp\/v2\/pages"}],"about":[{"href":"https:\/\/ertekprojects.com\/online-training\/wp-json\/wp\/v2\/types\/page"}],"author":[{"embeddable":true,"href":"https:\/\/ertekprojects.com\/online-training\/wp-json\/wp\/v2\/users\/1"}],"replies":[{"embeddable":true,"href":"https:\/\/ertekprojects.com\/online-training\/wp-json\/wp\/v2\/comments?post=154"}],"version-history":[{"count":4,"href":"https:\/\/ertekprojects.com\/online-training\/wp-json\/wp\/v2\/pages\/154\/revisions"}],"predecessor-version":[{"id":879,"href":"https:\/\/ertekprojects.com\/online-training\/wp-json\/wp\/v2\/pages\/154\/revisions\/879"}],"wp:attachment":[{"href":"https:\/\/ertekprojects.com\/online-training\/wp-json\/wp\/v2\/media?parent=154"}],"curies":[{"name":"wp","href":"https:\/\/api.w.org\/{rel}","templated":true}]}}