{"id":264,"date":"2016-11-11T09:49:28","date_gmt":"2016-11-11T09:49:28","guid":{"rendered":"http:\/\/boomnews-magazine-themes-net.magazinethemes.staging.wpengine.com\/?page_id=264"},"modified":"2022-04-11T12:55:22","modified_gmt":"2022-04-11T12:55:22","slug":"homepage-4","status":"publish","type":"page","link":"https:\/\/ertekprojects.com\/temelekonomi\/","title":{"rendered":"Ana Sayfa"},"content":{"rendered":"<div id=\"pl-264\" class=\"panel-layout\">\n<div id=\"pg-264-0\" class=\"panel-grid panel-no-style\" data-style=\"{&quot;background_display&quot;:&quot;tile&quot;,&quot;cell_alignment&quot;:&quot;flex-start&quot;}\">\n<div id=\"pgc-264-0-0\" class=\"panel-grid-cell\" data-weight=\"1\"><\/div>\n<\/div>\n<div id=\"pg-264-2\" class=\"panel-grid panel-no-style\" data-style=\"{&quot;background_display&quot;:&quot;tile&quot;,&quot;cell_alignment&quot;:&quot;flex-start&quot;}\">\n<div id=\"pgc-264-2-0\" class=\"panel-grid-cell\" data-weight=\"1\">\n<div id=\"panel-264-2-0-0\" class=\"so-panel widget panel-first-child\" data-index=\"4\" data-style=\"{&quot;background_display&quot;:&quot;tile&quot;}\"><a href=\"http:\/\/ertekprojects.com\/proftumayertek\/\"><strong>Prof. T\u00fcmay Ertek<\/strong><\/a><strong>\u2018in \u201cTemel Ekonomi\u201d<\/strong> ekonomi kitabinin Internet sitesine ho\u015fgeldiniz. Bu sitede hem \u201cTemel Ekonomi\u201d hem de \u201cTemel Ekonomi i\u00e7in Al\u0131\u015ft\u0131rmalar\u201d ekonomi kitaplar\u0131 hakk\u0131nda bilgilerin yan\u0131s\u0131ra, kitab\u0131n \u00fcr\u00fcn detaylar\u0131n\u0131 ve kitab\u0131 sat\u0131n alabilece\u011finiz internet sitelerinin listesini bulabileceksiniz.<\/div>\n<div id=\"panel-264-2-0-1\" class=\"so-panel widget widget_text panel-last-child\" data-index=\"5\" data-style=\"{&quot;background_image_attachment&quot;:false,&quot;background_display&quot;:&quot;tile&quot;}\">\n<div class=\"textwidget\">\n<p><a href=\"https:\/\/www.kitapyurdu.com\/kitap\/temel-ekonomi\/517311.html\" target=\"_blank\" rel=\"noopener noreferrer\"><strong>\u201cTemel Ekonomi\u201d<\/strong><\/a> kitab\u0131n\u0131 hemen <strong>sat\u0131n almak <\/strong>i\u00e7in <a href=\"https:\/\/www.idefix.com\/Kitap\/Temel-Ekonomi-Basindan-Orneklerle\/Egitim-Basvuru\/Is-Ekonomi-Hukuk\/Ekonomi\/urunno=0000000292784?gclid=Cj0KCQjwqKuKBhCxARIsACf4XuEqN-VzpnKg3VpciogvDrQgG2NLVK6Javw7s9HP5-MQtDbFIJwHlK0aAlS4EALw_wcB&amp;gclsrc=aw.ds\" target=\"_blank\" rel=\"noopener\"><strong>t\u0131klay\u0131n\u0131z.<\/strong><\/a><\/p>\n<p><a href=\"https:\/\/www.kitapyurdu.com\/kitap\/temel-ekonomi-icin-alistirmalar\/137452.html\" target=\"_blank\" rel=\"noopener noreferrer\"><strong>\u201cTemel Ekonomi i\u00e7in Al\u0131\u015ft\u0131rmalar\u201d<\/strong><\/a> kitab\u0131n\u0131 hemen <strong>sat\u0131n almak <\/strong>i\u00e7in <strong><a href=\"https:\/\/www.kitapyurdu.com\/kitap\/temel-ekonomi-icin-alistirmalar\/137452.html&amp;filter_name=temel%20ekonomi%20i%C3%A7in%20al%C4%B1%C5%9Ft%C4%B1rmalar\" target=\"_blank\" rel=\"noopener noreferrer\">t\u0131klay\u0131n\u0131z<\/a>.<\/strong><\/p>\n<p>Ekonomi dersleri veren bir <strong>\u00f6\u011fretim \u00fcyesi iseniz:<\/strong><\/p>\n<ul>\n<li><a href=\"https:\/\/ertekprojects.com\/ftp\/other\/Temel_Ekonomi_Ornek_Sunum_Bolum_03.ppt\"><strong>\u00d6rnek sunum<\/strong><\/a> i\u00e7in buraya <a href=\"https:\/\/ertekprojects.com\/ftp\/other\/Temel_Ekonomi_Ornek_Sunum_Bolum_03.ppt\"><strong>t\u0131klay\u0131n\u0131z<\/strong><\/a>.<\/li>\n<li>Kitaplar\u0131n <strong>tan\u0131t\u0131m kopyas\u0131<\/strong>n\u0131 edinmek i\u00e7in isimsoyisim<strong>@gmail.com<\/strong> (isim yerine <strong>gurdal<\/strong> soyisim yerine <strong>ertek<\/strong> yerle\u015ftiriniz) adresine <strong>email g\u00f6nderiniz.<\/strong><\/li>\n<\/ul>\n<\/div>\n<\/div>\n<\/div>\n<\/div>\n<\/div>\n","protected":false},"excerpt":{"rendered":"<p>Prof. T\u00fcmay Ertek\u2018in \u201cTemel Ekonomi\u201d ekonomi kitabinin Internet sitesine ho\u015fgeldiniz. Bu sitede hem \u201cTemel Ekonomi\u201d hem de \u201cTemel Ekonomi i\u00e7in Al\u0131\u015ft\u0131rmalar\u201d ekonomi kitaplar\u0131 hakk\u0131nda bilgilerin yan\u0131s\u0131ra, kitab\u0131n \u00fcr\u00fcn detaylar\u0131n\u0131 ve kitab\u0131 sat\u0131n alabilece\u011finiz internet sitelerinin listesini bulabileceksiniz. \u201cTemel Ekonomi\u201d kitab\u0131n\u0131 hemen sat\u0131n almak i\u00e7in t\u0131klay\u0131n\u0131z. \u201cTemel Ekonomi i\u00e7in Al\u0131\u015ft\u0131rmalar\u201d kitab\u0131n\u0131 hemen sat\u0131n almak i\u00e7in t\u0131klay\u0131n\u0131z.&hellip; <br \/> <a class=\"read-more\" href=\"https:\/\/ertekprojects.com\/temelekonomi\/\">Read more<\/a><\/p>\n","protected":false},"author":1,"featured_media":0,"parent":0,"menu_order":0,"comment_status":"closed","ping_status":"closed","template":"","meta":{"footnotes":""},"class_list":["post-264","page","type-page","status-publish","hentry"],"_links":{"self":[{"href":"https:\/\/ertekprojects.com\/temelekonomi\/wp-json\/wp\/v2\/pages\/264","targetHints":{"allow":["GET"]}}],"collection":[{"href":"https:\/\/ertekprojects.com\/temelekonomi\/wp-json\/wp\/v2\/pages"}],"about":[{"href":"https:\/\/ertekprojects.com\/temelekonomi\/wp-json\/wp\/v2\/types\/page"}],"author":[{"embeddable":true,"href":"https:\/\/ertekprojects.com\/temelekonomi\/wp-json\/wp\/v2\/users\/1"}],"replies":[{"embeddable":true,"href":"https:\/\/ertekprojects.com\/temelekonomi\/wp-json\/wp\/v2\/comments?post=264"}],"version-history":[{"count":4,"href":"https:\/\/ertekprojects.com\/temelekonomi\/wp-json\/wp\/v2\/pages\/264\/revisions"}],"predecessor-version":[{"id":821,"href":"https:\/\/ertekprojects.com\/temelekonomi\/wp-json\/wp\/v2\/pages\/264\/revisions\/821"}],"wp:attachment":[{"href":"https:\/\/ertekprojects.com\/temelekonomi\/wp-json\/wp\/v2\/media?parent=264"}],"curies":[{"name":"wp","href":"https:\/\/api.w.org\/{rel}","templated":true}]}}