{"id":599,"date":"2017-08-29T19:37:44","date_gmt":"2017-08-29T19:37:44","guid":{"rendered":"https:\/\/ertekprojects.com\/temelekonomi\/?page_id=599"},"modified":"2022-04-11T12:54:05","modified_gmt":"2022-04-11T12:54:05","slug":"gorseller","status":"publish","type":"page","link":"https:\/\/ertekprojects.com\/temelekonomi\/gorseller\/","title":{"rendered":"G\u00f6rseller"},"content":{"rendered":"<div id=\"pl-599\" class=\"panel-layout\">\n<div id=\"pg-599-0\" class=\"panel-grid panel-no-style\">\n<div id=\"pgc-599-0-0\" class=\"panel-grid-cell\" data-weight=\"1\">\n<div id=\"panel-599-0-0-0\" class=\"so-panel widget widget_media_image panel-first-child\" data-index=\"0\" data-style=\"{&quot;background_display&quot;:&quot;tile&quot;}\"><\/div>\n<div id=\"panel-599-0-0-1\" class=\"so-panel widget widget_text panel-last-child\" data-index=\"1\" data-style=\"{&quot;background_image_attachment&quot;:false,&quot;background_display&quot;:&quot;tile&quot;}\">\n<div class=\"textwidget\">\n<p><a href=\"https:\/\/www.kitapyurdu.com\/kitap\/temel-ekonomi\/517311.html\" target=\"_blank\" rel=\"noopener noreferrer\"><strong>\u201cTemel Ekonomi\u201d<\/strong><\/a>\u00a0kitab\u0131n\u0131 hemen\u00a0<strong>sat\u0131n almak\u00a0<\/strong>i\u00e7in\u00a0<a href=\"https:\/\/www.kitapyurdu.com\/kitap\/temel-ekonomi\/517311.html\" target=\"_blank\" rel=\"noopener noreferrer\"><strong>t\u0131klay\u0131n\u0131z.<\/strong><\/a><\/p>\n<p><a href=\"https:\/\/www.kitapyurdu.com\/kitap\/temel-ekonomi-icin-alistirmalar\/137452.html\" target=\"_blank\" rel=\"noopener noreferrer\"><strong>\u201cTemel Ekonomi i\u00e7in Al\u0131\u015ft\u0131rmalar\u201d<\/strong><\/a>\u00a0kitab\u0131n\u0131 hemen\u00a0<strong>sat\u0131n almak\u00a0<\/strong>i\u00e7in\u00a0<strong><a href=\"http:\/\/www.kitapyurdu.com\/kitap\/temel-ekonomi-icin-alistirmalar\/137452.html&amp;filter_name=temel%20ekonomi%20i%C3%A7in%20al%C4%B1%C5%9Ft%C4%B1rmalar\" target=\"_blank\" rel=\"noopener noreferrer\">t\u0131klay\u0131n\u0131z<\/a>.<\/strong><\/p>\n<p>Ekonomi dersleri veren bir\u00a0<strong>\u00f6\u011fretim \u00fcyesi iseniz:<\/strong><\/p>\n<ul>\n<li><a href=\"https:\/\/ertekprojects.com\/ftp\/other\/Temel_Ekonomi_Ornek_Sunum_Bolum_03.ppt\"><strong>\u00d6rnek sunum<\/strong><\/a>\u00a0i\u00e7in buraya\u00a0<a href=\"https:\/\/ertekprojects.com\/ftp\/other\/Temel_Ekonomi_Ornek_Sunum_Bolum_03.ppt\"><strong>t\u0131klay\u0131n\u0131z<\/strong><\/a>.<\/li>\n<li>Kitaplar\u0131n\u00a0<strong>tan\u0131t\u0131m kopyas\u0131<\/strong>n\u0131 edinmek i\u00e7in isimsoyisim<strong>@gmail.com<\/strong>\u00a0(isim yerine\u00a0<strong>gurdal<\/strong>\u00a0soyisim yerine\u00a0<strong>ertek<\/strong>\u00a0yerle\u015ftiriniz) adresine\u00a0<strong>email g\u00f6nderiniz.<\/strong><\/li>\n<\/ul>\n<\/div>\n<\/div>\n<\/div>\n<\/div>\n<\/div>\n","protected":false},"excerpt":{"rendered":"<p>\u201cTemel Ekonomi\u201d\u00a0kitab\u0131n\u0131 hemen\u00a0sat\u0131n almak\u00a0i\u00e7in\u00a0t\u0131klay\u0131n\u0131z. \u201cTemel Ekonomi i\u00e7in Al\u0131\u015ft\u0131rmalar\u201d\u00a0kitab\u0131n\u0131 hemen\u00a0sat\u0131n almak\u00a0i\u00e7in\u00a0t\u0131klay\u0131n\u0131z. Ekonomi dersleri veren bir\u00a0\u00f6\u011fretim \u00fcyesi iseniz: \u00d6rnek sunum\u00a0i\u00e7in buraya\u00a0t\u0131klay\u0131n\u0131z. Kitaplar\u0131n\u00a0tan\u0131t\u0131m kopyas\u0131n\u0131 edinmek i\u00e7in isimsoyisim@gmail.com\u00a0(isim yerine\u00a0gurdal\u00a0soyisim yerine\u00a0ertek\u00a0yerle\u015ftiriniz) adresine\u00a0email g\u00f6nderiniz.<\/p>\n","protected":false},"author":1,"featured_media":600,"parent":0,"menu_order":0,"comment_status":"closed","ping_status":"closed","template":"","meta":{"footnotes":""},"class_list":["post-599","page","type-page","status-publish","has-post-thumbnail","hentry"],"_links":{"self":[{"href":"https:\/\/ertekprojects.com\/temelekonomi\/wp-json\/wp\/v2\/pages\/599","targetHints":{"allow":["GET"]}}],"collection":[{"href":"https:\/\/ertekprojects.com\/temelekonomi\/wp-json\/wp\/v2\/pages"}],"about":[{"href":"https:\/\/ertekprojects.com\/temelekonomi\/wp-json\/wp\/v2\/types\/page"}],"author":[{"embeddable":true,"href":"https:\/\/ertekprojects.com\/temelekonomi\/wp-json\/wp\/v2\/users\/1"}],"replies":[{"embeddable":true,"href":"https:\/\/ertekprojects.com\/temelekonomi\/wp-json\/wp\/v2\/comments?post=599"}],"version-history":[{"count":3,"href":"https:\/\/ertekprojects.com\/temelekonomi\/wp-json\/wp\/v2\/pages\/599\/revisions"}],"predecessor-version":[{"id":847,"href":"https:\/\/ertekprojects.com\/temelekonomi\/wp-json\/wp\/v2\/pages\/599\/revisions\/847"}],"wp:featuredmedia":[{"embeddable":true,"href":"https:\/\/ertekprojects.com\/temelekonomi\/wp-json\/wp\/v2\/media\/600"}],"wp:attachment":[{"href":"https:\/\/ertekprojects.com\/temelekonomi\/wp-json\/wp\/v2\/media?parent=599"}],"curies":[{"name":"wp","href":"https:\/\/api.w.org\/{rel}","templated":true}]}}