{"id":615,"date":"2017-08-29T19:53:39","date_gmt":"2017-08-29T19:53:39","guid":{"rendered":"https:\/\/ertekprojects.com\/temelekonomi\/?page_id=615"},"modified":"2022-04-11T12:53:47","modified_gmt":"2022-04-11T12:53:47","slug":"iletisim","status":"publish","type":"page","link":"https:\/\/ertekprojects.com\/temelekonomi\/iletisim\/","title":{"rendered":"\u0130leti\u015fim"},"content":{"rendered":"<div id=\"pl-615\" class=\"panel-layout\">\n<div id=\"pg-615-0\" class=\"panel-grid panel-no-style\">\n<div id=\"pgc-615-0-0\" class=\"panel-grid-cell\" data-weight=\"1\">\n<div id=\"panel-615-0-0-0\" class=\"so-panel widget_media_image panel-first-child\" data-index=\"0\" data-style=\"{&quot;background_image_attachment&quot;:false,&quot;background_display&quot;:&quot;tile&quot;}\"><img loading=\"lazy\" decoding=\"async\" class=\"alignnone size-full wp-image-779\" src=\"https:\/\/ertekprojects.com\/temelekonomi\/wp-content\/uploads\/2021\/07\/iletis\u0327im.png\" alt=\"\" width=\"300\" height=\"199\" \/><\/div>\n<div id=\"panel-615-0-0-1\" class=\"so-panel widget_text panel-last-child\" data-index=\"1\" data-style=\"{&quot;background_image_attachment&quot;:false,&quot;background_display&quot;:&quot;tile&quot;}\">\n<h3 class=\"widget-title\">\u0130leti\u015fim<\/h3>\n<div class=\"textwidget\">\n<p>Kitap hakk\u0131nda bilgi almak i\u00e7in bizle ya da tercihan direkt <a href=\"http:\/\/www.betayayincilik.com\/akademik\/iletisim.aspx\"><strong>BetaYayincilik.com<\/strong><\/a> adresinden Beta Yay\u0131nc\u0131l\u0131k ile <a href=\"http:\/\/www.betayayincilik.com\/akademik\/iletisim.aspx\">ileti\u015fim<\/a>e ge\u00e7ebilirsiniz. Kitab\u0131 ekonomi \/ iktisat derslerinizde kullanmay\u0131 d\u00fc\u015f\u00fcn\u00fcyorsan\u0131z l\u00fctfen <a href=\"https:\/\/ertekprojects.com\/temelekonomi\/uploads\/Temel_Ekonomi_Bolum_01.ppt\">\u00f6rnek PowerPoint sunumu<\/a> ve kitab\u0131 inceledikten sonra sat\u0131nal\u0131m, kitap temini ve kitab\u0131n t\u00fcm b\u00f6l\u00fcmlerinin PowerPoint sunumlar\u0131 i\u00e7in <a href=\"http:\/\/www.betayayincilik.com\/akademik\/iletisim.aspx\">Beta Yay\u0131nc\u0131l\u0131k<\/a> ile ileti\u015fime ge\u00e7iniz.<\/p>\n<p>Sayg\u0131lar\u0131m\u0131zla,<\/p>\n<p>Ailesi ad\u0131na Dr. G\u00fcrdal Ertek (<i class=\"fa fa-external-link\" aria-hidden=\"true\"><\/i>)<\/p>\n<p>isimsoyisim@gmail.com\u00a0 (isimsoyisim yerine gurdalertek yerle\u015ftiriniz)<\/p>\n<p>&nbsp;<\/p>\n<p><strong>Prof. T\u00fcmay Ertek\u2019le ilgili haberleri almak ister misiniz? <\/strong><br \/>\n<strong>Facebook\u2019ta Prof. T\u00fcmay Ertek\u2019in sayfas\u0131n\u0131 \u201cLike\u201d edebilirsiniz.<br \/>\n<\/strong><a href=\"http:\/\/www.facebook.com\/tumayertek\/\" target=\"_blank\" rel=\"noopener\"><strong>http:\/\/www.facebook.com\/tumayertek\/<\/strong><\/a><\/p>\n<p><strong>Prof. T\u00fcmay Ertek\u2019le ilgili haberleri Twitter\u2019dan takip etmek isterseniz:<\/strong><a class=\"twitter-follow-button\" href=\"https:\/\/twitter.com\/TumayErtek?ref_src=twsrc%5Etfw\" data-lang=\"tr\" data-show-count=\"false\">Follow @TumayErtek<\/a><script async src=\"https:\/\/platform.twitter.com\/widgets.js\" charset=\"utf-8\"><\/script><\/p>\n<p><strong>Kitapla ilgili haz\u0131r Twitter mesajlar\u0131ndan birisini yay\u0131nlamak isterseniz:<\/strong> <a class=\"twitter-mention-button\" href=\"https:\/\/twitter.com\/intent\/tweet?screen_name=TumayErtek&amp;ref_src=twsrc%5Etfw\" data-size=\"large\" data-text=\"Ekonomiyi severek \u00f6greten, Prof. T\u00fcmay Ertek\u2019in \u201cTemel Ekonomi\u201d kitab\u0131n\u0131n web sayfas\u0131: http:\/\/ctt.ec\/VWblu+ \" data-related=\"TumayErtek\" data-lang=\"tr\" data-show-count=\"false\">Tweet to @TumayErtek<\/a><script async src=\"https:\/\/platform.twitter.com\/widgets.js\" charset=\"utf-8\"><\/script><\/p>\n<\/div>\n<\/div>\n<\/div>\n<\/div>\n<\/div>\n","protected":false},"excerpt":{"rendered":"<p>\u0130leti\u015fim Kitap hakk\u0131nda bilgi almak i\u00e7in bizle ya da tercihan direkt BetaYayincilik.com adresinden Beta Yay\u0131nc\u0131l\u0131k ile ileti\u015fime ge\u00e7ebilirsiniz. Kitab\u0131 ekonomi \/ iktisat derslerinizde kullanmay\u0131 d\u00fc\u015f\u00fcn\u00fcyorsan\u0131z l\u00fctfen \u00f6rnek PowerPoint sunumu ve kitab\u0131 inceledikten sonra sat\u0131nal\u0131m, kitap temini ve kitab\u0131n t\u00fcm b\u00f6l\u00fcmlerinin PowerPoint sunumlar\u0131 i\u00e7in Beta Yay\u0131nc\u0131l\u0131k ile ileti\u015fime ge\u00e7iniz. Sayg\u0131lar\u0131m\u0131zla, Ailesi ad\u0131na Dr. G\u00fcrdal Ertek ()&hellip; <br \/> <a class=\"read-more\" href=\"https:\/\/ertekprojects.com\/temelekonomi\/iletisim\/\">Read more<\/a><\/p>\n","protected":false},"author":1,"featured_media":0,"parent":0,"menu_order":0,"comment_status":"closed","ping_status":"closed","template":"","meta":{"footnotes":""},"class_list":["post-615","page","type-page","status-publish","hentry"],"_links":{"self":[{"href":"https:\/\/ertekprojects.com\/temelekonomi\/wp-json\/wp\/v2\/pages\/615","targetHints":{"allow":["GET"]}}],"collection":[{"href":"https:\/\/ertekprojects.com\/temelekonomi\/wp-json\/wp\/v2\/pages"}],"about":[{"href":"https:\/\/ertekprojects.com\/temelekonomi\/wp-json\/wp\/v2\/types\/page"}],"author":[{"embeddable":true,"href":"https:\/\/ertekprojects.com\/temelekonomi\/wp-json\/wp\/v2\/users\/1"}],"replies":[{"embeddable":true,"href":"https:\/\/ertekprojects.com\/temelekonomi\/wp-json\/wp\/v2\/comments?post=615"}],"version-history":[{"count":3,"href":"https:\/\/ertekprojects.com\/temelekonomi\/wp-json\/wp\/v2\/pages\/615\/revisions"}],"predecessor-version":[{"id":781,"href":"https:\/\/ertekprojects.com\/temelekonomi\/wp-json\/wp\/v2\/pages\/615\/revisions\/781"}],"wp:attachment":[{"href":"https:\/\/ertekprojects.com\/temelekonomi\/wp-json\/wp\/v2\/media?parent=615"}],"curies":[{"name":"wp","href":"https:\/\/api.w.org\/{rel}","templated":true}]}}