{"id":58,"date":"2019-07-03T08:29:36","date_gmt":"2019-07-03T08:29:36","guid":{"rendered":"https:\/\/ertekprojects.com\/tumayertek\/?page_id=58"},"modified":"2021-06-14T22:07:32","modified_gmt":"2021-06-14T22:07:32","slug":"hakkinda","status":"publish","type":"page","link":"https:\/\/ertekprojects.com\/tumayertek\/hakkinda\/","title":{"rendered":"HAKKINDA"},"content":{"rendered":"<div id=\"pl-58\"  class=\"panel-layout\" ><div id=\"pg-58-0\"  class=\"panel-grid panel-no-style\" ><div id=\"pgc-58-0-0\"  class=\"panel-grid-cell\" ><div id=\"panel-58-0-0-0\" class=\"so-panel widget widget_text panel-first-child\" data-index=\"0\" >\t\t\t<div class=\"textwidget\"><\/div>\n\t\t<\/div><div id=\"panel-58-0-0-1\" class=\"so-panel widget widget_text panel-last-child\" data-index=\"1\" >\t\t\t<div class=\"textwidget\"><p>T\u00fcmay Ertek, 1938 y\u0131l\u0131nda Silifke\u2019de do\u011fdu. 1958 y\u0131l\u0131nda Tarsus Amerikan Koleji\u2019nden, 1962 y\u0131l\u0131nda da Orta Do\u011fu Teknik \u00dcniversitesi Ekonomi ve \u0130statistik B\u00f6l\u00fcm\u00fc\u2019nden mezun oldu. Y\u00fcksek lisans ve doktora derecelerini ABD\u2019de Wisconsin \u00dcnviersitesi\u2019nden ald\u0131. Orta Do\u011fu Teknik \u00dcniversitesi ve daha sonra uzun y\u0131llar Bo\u011fazi\u00e7i \u00dcniversitesi\u2019nde \u00f6\u011fretim \u00fcyeli\u011fi yapt\u0131. Bu arada, 1973-1974 ders y\u0131l\u0131nda Sudan\u2019da Hartum \u00dcniversitesi\u2019nde, 1974-1975 ve 1975-1976 y\u0131llar\u0131nda \u0130ran\u2019da Pahlavi \u00dcniversitesi\u2019nde, 1986-1987 ve 1989-1990 ders y\u0131llar\u0131nda ABD\u2019de Boise State \u00dcniversitesi\u2019nde konuk \u00f6\u011fretim \u00fcyesi olarak g\u00f6rev yapt\u0131.<\/p>\n<p>1981 y\u0131l\u0131nda Do\u00e7ent, 1988 y\u0131l\u0131nda Profes\u00f6r olan T\u00fcmay Ertek, 1995 y\u0131l\u0131nda Bo\u011fazi\u00e7i \u00dcniversitesi\u2019nden emekli olup K\u0131br\u0131s\u2019ta Do\u011fu Akdeniz \u00dcniversitesi\u2019nde \u00f6\u011fretim \u00fcyeli\u011fi yapt\u0131. Daha sonra T\u00fcrkiye\u2019ye d\u00f6nerek baz\u0131 vak\u0131f \u00fcniversitelerinde \u00f6\u011fretim \u00fcyeli\u011fine devam etti.<\/p>\n<p>2011 y\u0131l\u0131nda vefat eden T\u00fcmay Ertek, son y\u0131llar\u0131nda T\u00fcrkiye ekonomisi \u00fczerine ara\u015ft\u0131rmalar yaparak ve \u00fcniversite \u00f6\u011frencileri i\u00e7in ders kitaplar\u0131 yazarak T\u00fcrkiye\u2019ye ve Ekonomi Bilimi\u2019ne katk\u0131da bulunmu\u015ftur.<\/p>\n<\/div>\n\t\t<\/div><\/div><\/div><\/div>","protected":false},"excerpt":{"rendered":"<p>T\u00fcmay Ertek, 1938 y\u0131l\u0131nda Silifke\u2019de do\u011fdu. 1958 y\u0131l\u0131nda Tarsus Amerikan Koleji\u2019nden, 1962 y\u0131l\u0131nda da Orta Do\u011fu Teknik \u00dcniversitesi Ekonomi ve \u0130statistik B\u00f6l\u00fcm\u00fc\u2019nden mezun oldu. Y\u00fcksek lisans ve doktora derecelerini ABD\u2019de Wisconsin \u00dcnviersitesi\u2019nden ald\u0131. Orta Do\u011fu Teknik \u00dcniversitesi ve daha sonra uzun y\u0131llar Bo\u011fazi\u00e7i \u00dcniversitesi\u2019nde \u00f6\u011fretim \u00fcyeli\u011fi yapt\u0131. Bu arada, 1973-1974 ders y\u0131l\u0131nda Sudan\u2019da Hartum \u00dcniversitesi\u2019nde,&hellip; <br \/> <a class=\"read-more\" href=\"https:\/\/ertekprojects.com\/tumayertek\/hakkinda\/\">Read more<\/a><\/p>\n","protected":false},"author":1,"featured_media":0,"parent":0,"menu_order":0,"comment_status":"closed","ping_status":"closed","template":"","meta":{"footnotes":""},"class_list":["post-58","page","type-page","status-publish","hentry"],"_links":{"self":[{"href":"https:\/\/ertekprojects.com\/tumayertek\/wp-json\/wp\/v2\/pages\/58","targetHints":{"allow":["GET"]}}],"collection":[{"href":"https:\/\/ertekprojects.com\/tumayertek\/wp-json\/wp\/v2\/pages"}],"about":[{"href":"https:\/\/ertekprojects.com\/tumayertek\/wp-json\/wp\/v2\/types\/page"}],"author":[{"embeddable":true,"href":"https:\/\/ertekprojects.com\/tumayertek\/wp-json\/wp\/v2\/users\/1"}],"replies":[{"embeddable":true,"href":"https:\/\/ertekprojects.com\/tumayertek\/wp-json\/wp\/v2\/comments?post=58"}],"version-history":[{"count":0,"href":"https:\/\/ertekprojects.com\/tumayertek\/wp-json\/wp\/v2\/pages\/58\/revisions"}],"wp:attachment":[{"href":"https:\/\/ertekprojects.com\/tumayertek\/wp-json\/wp\/v2\/media?parent=58"}],"curies":[{"name":"wp","href":"https:\/\/api.w.org\/{rel}","templated":true}]}}