{"id":45,"date":"2014-07-24T18:49:04","date_gmt":"2014-07-24T18:49:04","guid":{"rendered":"http:\/\/ertekprojects.com\/universitemotivasyon\/?page_id=45"},"modified":"2022-04-09T15:52:14","modified_gmt":"2022-04-09T15:52:14","slug":"dr-gurdal-ertek-kimdir","status":"publish","type":"page","link":"https:\/\/ertekprojects.com\/universitemotivasyon\/dr-gurdal-ertek-kimdir\/","title":{"rendered":"Dr. G\u00fcrdal Ertek Kimdir?"},"content":{"rendered":"<div>\n<p><a href=\"https:\/\/ertekprojects.com\/universitemotivasyon\/wp-content\/uploads\/2014\/07\/Gurdal-Ertek.jpg\"><img loading=\"lazy\" decoding=\"async\" class=\"alignnone size-medium wp-image-411\" src=\"https:\/\/ertekprojects.com\/universitemotivasyon\/wp-content\/uploads\/2014\/07\/Gurdal-Ertek-300x300.jpg\" alt=\"G\u00fcrdal Ertek\" width=\"300\" height=\"300\" srcset=\"https:\/\/ertekprojects.com\/universitemotivasyon\/wp-content\/uploads\/2014\/07\/Gurdal-Ertek-300x300.jpg 300w, https:\/\/ertekprojects.com\/universitemotivasyon\/wp-content\/uploads\/2014\/07\/Gurdal-Ertek-150x150.jpg 150w, https:\/\/ertekprojects.com\/universitemotivasyon\/wp-content\/uploads\/2014\/07\/Gurdal-Ertek-550x550.jpg 550w, https:\/\/ertekprojects.com\/universitemotivasyon\/wp-content\/uploads\/2014\/07\/Gurdal-Ertek-520x520.jpg 520w, https:\/\/ertekprojects.com\/universitemotivasyon\/wp-content\/uploads\/2014\/07\/Gurdal-Ertek-625x625.jpg 625w, https:\/\/ertekprojects.com\/universitemotivasyon\/wp-content\/uploads\/2014\/07\/Gurdal-Ertek-15x15.jpg 15w, https:\/\/ertekprojects.com\/universitemotivasyon\/wp-content\/uploads\/2014\/07\/Gurdal-Ertek-100x100.jpg 100w, https:\/\/ertekprojects.com\/universitemotivasyon\/wp-content\/uploads\/2014\/07\/Gurdal-Ertek.jpg 722w\" sizes=\"auto, (max-width: 300px) 100vw, 300px\" \/><\/a><\/p>\n<p><span style=\"vertical-align: inherit;\"><span style=\"vertical-align: inherit;\">Doktor<\/span><\/span><span style=\"vertical-align: inherit;\"><span style=\"vertical-align: inherit;\">Dr.<\/span><\/span><span style=\"vertical-align: inherit;\"><span style=\"vertical-align: inherit;\">G\u00fcrdal Ertek, <\/span><\/span><a href=\"https:\/\/uaeu.ac.ae\" target=\"_blank\" rel=\"noopener noreferrer\"><span style=\"vertical-align: inherit;\"><span style=\"vertical-align: inherit;\">BAE<\/span><\/span><\/a><span style=\"vertical-align: inherit;\"><span style=\"vertical-align: inherit;\"> &#8216;nde \u00f6\u011fretim \u00fcyesidir. <\/span><span style=\"vertical-align: inherit;\">Daha uzun y\u0131llar Sabanc\u0131 \u00dcniversitesi&#8217;nde M\u00fchendislik ve Do\u011fa Bilimleri Fak\u00fcltesi&#8217;nde kullan\u0131ma y\u00f6nelik olarak \u00e7al\u0131\u015fm\u0131\u015ft\u0131r. <\/span><span style=\"vertical-align: inherit;\">Kendisi de Singapur, Kuveyt, Arap \u00fclkelerinden \u00e7e\u015fitli kurumlarda g\u00f6rev yapmaktad\u0131r.<\/span><\/span><\/p>\n<p><span style=\"vertical-align: inherit;\"><span style=\"vertical-align: inherit;\">Dr.<\/span><\/span><span style=\"vertical-align: inherit;\"><span style=\"vertical-align: inherit;\">Ertek 1994 y\u0131l\u0131nda Bo\u011fazi\u00e7i \u00dcniversitesi End\u00fcstri M\u00fchendisli\u011fi B\u00f6l\u00fcm\u00fc&#8217;nden lisans derecesini, 1996 y\u0131l\u0131nda Georgia Institute of Technology (Atlanta, ABD) End\u00fcstri Sistem ve M\u00fchendisli\u011fi fak\u00fcltesinden y\u00fcksek lisans derecesini, 2001 y\u0131l\u0131nda yine ayn\u0131 s\u00fcren doktora derecelerini alm\u0131\u015ft\u0131r. <\/span><span style=\"vertical-align: inherit;\">Doktora tez konusu oyun sisteminin tedarikinde olan uygulamalar<\/span><\/span><span style=\"vertical-align: inherit;\"><span style=\"vertical-align: inherit;\">Dr.<\/span><\/span><span style=\"vertical-align: inherit;\"><span style=\"vertical-align: inherit;\">Ertek&#8217;in tarama alan\u0131nda ara\u015ft\u0131rma alanlar\u0131 depolama lojistik ve veri madencili\u011fidir; <\/span><span style=\"vertical-align: inherit;\">b\u00f6l\u00fcm\u00fcnden sistem yaz\u0131l\u0131m\u0131n\u0131n \u00f6zel versiyonu alan tulumu mevcuttur.<\/span><\/span><\/p>\n<p><span style=\"vertical-align: inherit;\"><span style=\"vertical-align: inherit;\">1990 y\u0131l\u0131nda \u00d6SS&#8217;de (\u00d6\u011frenci Se\u00e7meci \u00dcniversitesi Mezunlar Derne\u011fi) Bursu&#8217;nun Hac\u0131 \u00d6mer Sabanc\u0131 Vakf\u0131su&#8217;na (1996) ve Fulbright Bursu&#8217;na (1995) sat\u0131n al\u0131nacak olan \u00f6\u011frenciler.<\/span><\/span><span style=\"vertical-align: inherit;\"><span style=\"vertical-align: inherit;\">Dr.<\/span><\/span><span style=\"vertical-align: inherit;\"><span style=\"vertical-align: inherit;\">Ertek Sabanc\u0131 \u00dcniversitesi&#8217;nde bulundu\u011fu 12 y\u0131l i\u00e7inde 1500&#8217;den fazla \u00f6\u011frenciye ders vermi\u015f, 500&#8217;den fazla \u00f6\u011frenciye m\u00fc\u015fteri dan\u0131\u015fman olarak proje yapt\u0131rm\u0131\u015ft\u0131r.<\/span><\/span><\/p>\n<p><a title=\"Dr. G\u00fcrdal Ertek'in Web Sitesi\" href=\"https:\/\/ertekprojects.com\/\"><span style=\"vertical-align: inherit;\"><span style=\"vertical-align: inherit;\">Dr.<\/span><\/span><span style=\"vertical-align: inherit;\"><span style=\"vertical-align: inherit;\">G\u00fcrdal Ertek&#8217;in \u0130nternet Sitesine ula\u015fabiliyor.<\/span><\/span><\/a><\/p>\n<p><strong><span style=\"vertical-align: inherit;\"><span style=\"vertical-align: inherit;\">ErtekProjects.com&#8217;u Facebook&#8217;tan &#8220;Be\u011fen&#8221; diye devam edebilirsiniz:<\/span><\/span><\/strong><\/p>\n<p><a title=\"UniversiteMotivasyon.com - Facebook Sayfas\u0131\" href=\"https:\/\/www.facebook.com\/Ertek-Projects-128530507808290\/\" target=\"_blank\" rel=\"noopener noreferrer\"><img loading=\"lazy\" decoding=\"async\" class=\"alignnone size-full wp-image-336\" src=\"https:\/\/ertekprojects.com\/universitemotivasyon\/wp-content\/uploads\/2014\/07\/facebook.png\" alt=\"UniversiteMotivasyon.com'u Facebook'tan takip edin!\" width=\"167\" height=\"72\" srcset=\"https:\/\/ertekprojects.com\/universitemotivasyon\/wp-content\/uploads\/2014\/07\/facebook.png 167w, https:\/\/ertekprojects.com\/universitemotivasyon\/wp-content\/uploads\/2014\/07\/facebook-15x6.png 15w\" sizes=\"auto, (max-width: 167px) 100vw, 167px\" \/><\/a><\/p>\n<p><strong><span style=\"vertical-align: inherit;\"><span style=\"vertical-align: inherit;\">ErtekProjects.com&#8217;u Twitter&#8217;dan takip edebilirsiniz:<\/span><\/span><\/strong><\/p>\n<p><a title=\"UniversiteMotivasyon.com - Twitter Sayfas\u0131\" href=\"http:\/\/twitter.com\/ErtekProjects\" target=\"_blank\" rel=\"noopener noreferrer\"><img loading=\"lazy\" decoding=\"async\" class=\"alignnone wp-image-337 size-full\" src=\"https:\/\/ertekprojects.com\/universitemotivasyon\/wp-content\/uploads\/2014\/07\/twitter.png\" alt=\"ErtekProjects.com'u Twitter'dan takip edin!\" width=\"167\" height=\"72\" srcset=\"https:\/\/ertekprojects.com\/universitemotivasyon\/wp-content\/uploads\/2014\/07\/twitter.png 167w, https:\/\/ertekprojects.com\/universitemotivasyon\/wp-content\/uploads\/2014\/07\/twitter-15x6.png 15w\" sizes=\"auto, (max-width: 167px) 100vw, 167px\" \/><\/a><\/p>\n<\/div>\n","protected":false},"excerpt":{"rendered":"<p>DoktorDr.G\u00fcrdal Ertek, BAE &#8216;nde \u00f6\u011fretim \u00fcyesidir. Daha uzun y\u0131llar Sabanc\u0131 \u00dcniversitesi&#8217;nde M\u00fchendislik ve Do\u011fa Bilimleri Fak\u00fcltesi&#8217;nde kullan\u0131ma y\u00f6nelik olarak \u00e7al\u0131\u015fm\u0131\u015ft\u0131r. Kendisi de Singapur, Kuveyt, Arap \u00fclkelerinden \u00e7e\u015fitli kurumlarda g\u00f6rev yapmaktad\u0131r. Dr.Ertek 1994 y\u0131l\u0131nda Bo\u011fazi\u00e7i \u00dcniversitesi End\u00fcstri M\u00fchendisli\u011fi B\u00f6l\u00fcm\u00fc&#8217;nden lisans derecesini, 1996 y\u0131l\u0131nda Georgia Institute of Technology (Atlanta, ABD) End\u00fcstri Sistem ve M\u00fchendisli\u011fi fak\u00fcltesinden y\u00fcksek lisans [&hellip;]<\/p>\n","protected":false},"author":1,"featured_media":0,"parent":0,"menu_order":0,"comment_status":"closed","ping_status":"closed","template":"","meta":{"site-container-style":"default","site-container-layout":"default","site-sidebar-layout":"default","disable-article-header":"default","disable-site-header":"default","disable-site-footer":"default","disable-content-area-spacing":"default","footnotes":""},"class_list":["post-45","page","type-page","status-publish","hentry"],"_links":{"self":[{"href":"https:\/\/ertekprojects.com\/universitemotivasyon\/wp-json\/wp\/v2\/pages\/45","targetHints":{"allow":["GET"]}}],"collection":[{"href":"https:\/\/ertekprojects.com\/universitemotivasyon\/wp-json\/wp\/v2\/pages"}],"about":[{"href":"https:\/\/ertekprojects.com\/universitemotivasyon\/wp-json\/wp\/v2\/types\/page"}],"author":[{"embeddable":true,"href":"https:\/\/ertekprojects.com\/universitemotivasyon\/wp-json\/wp\/v2\/users\/1"}],"replies":[{"embeddable":true,"href":"https:\/\/ertekprojects.com\/universitemotivasyon\/wp-json\/wp\/v2\/comments?post=45"}],"version-history":[{"count":2,"href":"https:\/\/ertekprojects.com\/universitemotivasyon\/wp-json\/wp\/v2\/pages\/45\/revisions"}],"predecessor-version":[{"id":902,"href":"https:\/\/ertekprojects.com\/universitemotivasyon\/wp-json\/wp\/v2\/pages\/45\/revisions\/902"}],"wp:attachment":[{"href":"https:\/\/ertekprojects.com\/universitemotivasyon\/wp-json\/wp\/v2\/media?parent=45"}],"curies":[{"name":"wp","href":"https:\/\/api.w.org\/{rel}","templated":true}]}}