{"id":39,"date":"2014-08-12T07:34:02","date_gmt":"2014-08-12T07:34:02","guid":{"rendered":"http:\/\/ertekprojects.com\/veri-bilimi\/?page_id=39"},"modified":"2020-10-25T19:38:25","modified_gmt":"2020-10-25T19:38:25","slug":"iletisim","status":"publish","type":"page","link":"https:\/\/ertekprojects.com\/veri-bilimi\/iletisim\/","title":{"rendered":"\u0130leti\u015fim"},"content":{"rendered":"<p><strong>Veri Bilimi Blog&#8217;unu Facebook&#8217;tan takip i\u00e7in &#8220;Like&#8221; edebilirsiniz:<\/strong><\/p>\n<p><a href=\"https:\/\/ertekprojects.com\/veri-bilimi\/wp-content\/uploads\/2020\/06\/veri-bilimi-gurdal-ertek-logo.png\" target=\"_blank\" rel=\"https:\/\/www.facebook.com\/veribilimigurdalertek noopener noreferrer\"><img loading=\"lazy\" decoding=\"async\" class=\"alignleft wp-image-113 size-medium\" src=\"https:\/\/ertekprojects.com\/veri-bilimi\/wp-content\/uploads\/2020\/06\/veri-bilimi-gurdal-ertek-logo-300x64.png\" alt=\"\" width=\"300\" height=\"64\" srcset=\"https:\/\/ertekprojects.com\/veri-bilimi\/wp-content\/uploads\/2020\/06\/veri-bilimi-gurdal-ertek-logo-300x64.png 300w, https:\/\/ertekprojects.com\/veri-bilimi\/wp-content\/uploads\/2020\/06\/veri-bilimi-gurdal-ertek-logo-768x164.png 768w, https:\/\/ertekprojects.com\/veri-bilimi\/wp-content\/uploads\/2020\/06\/veri-bilimi-gurdal-ertek-logo.png 897w\" sizes=\"auto, (max-width: 300px) 100vw, 300px\" \/><\/a><\/p>\n<p><strong>Bu blog&#8217;un yazar\u0131 Dr. G\u00fcrdal Ertek ile ileti\u015fim i\u00e7in \u015fu adrese email g\u00f6nderebilirsiniz:<br \/>\n<\/strong><\/p>\n<p>isimsoyisim@gmail.com (isimsoyisim yerine gurdalertek yerle\u015ftiriniz)<\/p>\n<p>Emailleinize yan\u0131t alamayabilirsiniz, bu durumun Dr. Ertek&#8217;in i\u015f yo\u011funlu\u011fundan kaynakland\u0131\u011f\u0131n\u0131 biliniz.<\/p>\n","protected":false},"excerpt":{"rendered":"<p>Veri Bilimi Blog&#8217;unu Facebook&#8217;tan takip i\u00e7in &#8220;Like&#8221; edebilirsiniz: Bu blog&#8217;un yazar\u0131 Dr. G\u00fcrdal Ertek ile ileti\u015fim i\u00e7in \u015fu adrese email<\/p>\n","protected":false},"author":1,"featured_media":0,"parent":0,"menu_order":0,"comment_status":"closed","ping_status":"closed","template":"","meta":{"colormag_page_container_layout":"default_layout","colormag_page_sidebar_layout":"default_layout","footnotes":""},"class_list":["post-39","page","type-page","status-publish","hentry"],"yoast_head":"<!-- This site is optimized with the Yoast SEO plugin v27.3 - https:\/\/yoast.com\/product\/yoast-seo-wordpress\/ -->\n<title>\u0130leti\u015fim - Veri-Bilimi.org<\/title>\n<meta name=\"description\" content=\"G\u00fcrdal Ertek \u0130leti\u015fim\" \/>\n<meta name=\"robots\" content=\"index, follow, max-snippet:-1, max-image-preview:large, max-video-preview:-1\" \/>\n<link rel=\"canonical\" href=\"https:\/\/ertekprojects.com\/veri-bilimi\/iletisim\/\" \/>\n<meta property=\"og:locale\" content=\"en_US\" \/>\n<meta property=\"og:type\" content=\"article\" \/>\n<meta property=\"og:title\" content=\"\u0130leti\u015fim - Veri-Bilimi.org\" \/>\n<meta property=\"og:description\" content=\"G\u00fcrdal Ertek \u0130leti\u015fim\" \/>\n<meta property=\"og:url\" content=\"https:\/\/ertekprojects.com\/veri-bilimi\/iletisim\/\" \/>\n<meta property=\"og:site_name\" content=\"Veri-Bilimi.org\" \/>\n<meta property=\"article:publisher\" content=\"https:\/\/www.facebook.com\/Ertek-Projects-128530507808290\" \/>\n<meta property=\"article:modified_time\" content=\"2020-10-25T19:38:25+00:00\" \/>\n<meta property=\"og:image\" content=\"https:\/\/ertekprojects.com\/veri-bilimi\/wp-content\/uploads\/2020\/06\/veri-bilimi-gurdal-ertek-logo-300x64.png\" \/>\n<meta name=\"twitter:card\" content=\"summary_large_image\" \/>\n<meta name=\"twitter:site\" content=\"@ErtekProjects\" \/>\n<script type=\"application\/ld+json\" class=\"yoast-schema-graph\">{\"@context\":\"https:\\\/\\\/schema.org\",\"@graph\":[{\"@type\":\"WebPage\",\"@id\":\"https:\\\/\\\/ertekprojects.com\\\/veri-bilimi\\\/iletisim\\\/\",\"url\":\"https:\\\/\\\/ertekprojects.com\\\/veri-bilimi\\\/iletisim\\\/\",\"name\":\"\u0130leti\u015fim - Veri-Bilimi.org\",\"isPartOf\":{\"@id\":\"https:\\\/\\\/ertekprojects.com\\\/veri-bilimi\\\/#website\"},\"primaryImageOfPage\":{\"@id\":\"https:\\\/\\\/ertekprojects.com\\\/veri-bilimi\\\/iletisim\\\/#primaryimage\"},\"image\":{\"@id\":\"https:\\\/\\\/ertekprojects.com\\\/veri-bilimi\\\/iletisim\\\/#primaryimage\"},\"thumbnailUrl\":\"https:\\\/\\\/ertekprojects.com\\\/veri-bilimi\\\/wp-content\\\/uploads\\\/2020\\\/06\\\/veri-bilimi-gurdal-ertek-logo-300x64.png\",\"datePublished\":\"2014-08-12T07:34:02+00:00\",\"dateModified\":\"2020-10-25T19:38:25+00:00\",\"description\":\"G\u00fcrdal Ertek \u0130leti\u015fim\",\"breadcrumb\":{\"@id\":\"https:\\\/\\\/ertekprojects.com\\\/veri-bilimi\\\/iletisim\\\/#breadcrumb\"},\"inLanguage\":\"en-US\",\"potentialAction\":[{\"@type\":\"ReadAction\",\"target\":[\"https:\\\/\\\/ertekprojects.com\\\/veri-bilimi\\\/iletisim\\\/\"]}]},{\"@type\":\"ImageObject\",\"inLanguage\":\"en-US\",\"@id\":\"https:\\\/\\\/ertekprojects.com\\\/veri-bilimi\\\/iletisim\\\/#primaryimage\",\"url\":\"https:\\\/\\\/ertekprojects.com\\\/veri-bilimi\\\/wp-content\\\/uploads\\\/2020\\\/06\\\/veri-bilimi-gurdal-ertek-logo.png\",\"contentUrl\":\"https:\\\/\\\/ertekprojects.com\\\/veri-bilimi\\\/wp-content\\\/uploads\\\/2020\\\/06\\\/veri-bilimi-gurdal-ertek-logo.png\",\"width\":897,\"height\":192},{\"@type\":\"BreadcrumbList\",\"@id\":\"https:\\\/\\\/ertekprojects.com\\\/veri-bilimi\\\/iletisim\\\/#breadcrumb\",\"itemListElement\":[{\"@type\":\"ListItem\",\"position\":1,\"name\":\"Home\",\"item\":\"https:\\\/\\\/ertekprojects.com\\\/veri-bilimi\\\/\"},{\"@type\":\"ListItem\",\"position\":2,\"name\":\"\u0130leti\u015fim\"}]},{\"@type\":\"WebSite\",\"@id\":\"https:\\\/\\\/ertekprojects.com\\\/veri-bilimi\\\/#website\",\"url\":\"https:\\\/\\\/ertekprojects.com\\\/veri-bilimi\\\/\",\"name\":\"Veri-Bilimi.org\",\"description\":\"Dr. G\u00fcrdal Ertek&#039;in Veri Bilimi Blog&#039;u\",\"potentialAction\":[{\"@type\":\"SearchAction\",\"target\":{\"@type\":\"EntryPoint\",\"urlTemplate\":\"https:\\\/\\\/ertekprojects.com\\\/veri-bilimi\\\/?s={search_term_string}\"},\"query-input\":{\"@type\":\"PropertyValueSpecification\",\"valueRequired\":true,\"valueName\":\"search_term_string\"}}],\"inLanguage\":\"en-US\"}]}<\/script>\n<!-- \/ Yoast SEO plugin. -->","yoast_head_json":{"title":"\u0130leti\u015fim - Veri-Bilimi.org","description":"G\u00fcrdal Ertek \u0130leti\u015fim","robots":{"index":"index","follow":"follow","max-snippet":"max-snippet:-1","max-image-preview":"max-image-preview:large","max-video-preview":"max-video-preview:-1"},"canonical":"https:\/\/ertekprojects.com\/veri-bilimi\/iletisim\/","og_locale":"en_US","og_type":"article","og_title":"\u0130leti\u015fim - Veri-Bilimi.org","og_description":"G\u00fcrdal Ertek \u0130leti\u015fim","og_url":"https:\/\/ertekprojects.com\/veri-bilimi\/iletisim\/","og_site_name":"Veri-Bilimi.org","article_publisher":"https:\/\/www.facebook.com\/Ertek-Projects-128530507808290","article_modified_time":"2020-10-25T19:38:25+00:00","og_image":[{"url":"https:\/\/ertekprojects.com\/veri-bilimi\/wp-content\/uploads\/2020\/06\/veri-bilimi-gurdal-ertek-logo-300x64.png","type":"","width":"","height":""}],"twitter_card":"summary_large_image","twitter_site":"@ErtekProjects","schema":{"@context":"https:\/\/schema.org","@graph":[{"@type":"WebPage","@id":"https:\/\/ertekprojects.com\/veri-bilimi\/iletisim\/","url":"https:\/\/ertekprojects.com\/veri-bilimi\/iletisim\/","name":"\u0130leti\u015fim - Veri-Bilimi.org","isPartOf":{"@id":"https:\/\/ertekprojects.com\/veri-bilimi\/#website"},"primaryImageOfPage":{"@id":"https:\/\/ertekprojects.com\/veri-bilimi\/iletisim\/#primaryimage"},"image":{"@id":"https:\/\/ertekprojects.com\/veri-bilimi\/iletisim\/#primaryimage"},"thumbnailUrl":"https:\/\/ertekprojects.com\/veri-bilimi\/wp-content\/uploads\/2020\/06\/veri-bilimi-gurdal-ertek-logo-300x64.png","datePublished":"2014-08-12T07:34:02+00:00","dateModified":"2020-10-25T19:38:25+00:00","description":"G\u00fcrdal Ertek \u0130leti\u015fim","breadcrumb":{"@id":"https:\/\/ertekprojects.com\/veri-bilimi\/iletisim\/#breadcrumb"},"inLanguage":"en-US","potentialAction":[{"@type":"ReadAction","target":["https:\/\/ertekprojects.com\/veri-bilimi\/iletisim\/"]}]},{"@type":"ImageObject","inLanguage":"en-US","@id":"https:\/\/ertekprojects.com\/veri-bilimi\/iletisim\/#primaryimage","url":"https:\/\/ertekprojects.com\/veri-bilimi\/wp-content\/uploads\/2020\/06\/veri-bilimi-gurdal-ertek-logo.png","contentUrl":"https:\/\/ertekprojects.com\/veri-bilimi\/wp-content\/uploads\/2020\/06\/veri-bilimi-gurdal-ertek-logo.png","width":897,"height":192},{"@type":"BreadcrumbList","@id":"https:\/\/ertekprojects.com\/veri-bilimi\/iletisim\/#breadcrumb","itemListElement":[{"@type":"ListItem","position":1,"name":"Home","item":"https:\/\/ertekprojects.com\/veri-bilimi\/"},{"@type":"ListItem","position":2,"name":"\u0130leti\u015fim"}]},{"@type":"WebSite","@id":"https:\/\/ertekprojects.com\/veri-bilimi\/#website","url":"https:\/\/ertekprojects.com\/veri-bilimi\/","name":"Veri-Bilimi.org","description":"Dr. G\u00fcrdal Ertek&#039;in Veri Bilimi Blog&#039;u","potentialAction":[{"@type":"SearchAction","target":{"@type":"EntryPoint","urlTemplate":"https:\/\/ertekprojects.com\/veri-bilimi\/?s={search_term_string}"},"query-input":{"@type":"PropertyValueSpecification","valueRequired":true,"valueName":"search_term_string"}}],"inLanguage":"en-US"}]}},"_links":{"self":[{"href":"https:\/\/ertekprojects.com\/veri-bilimi\/wp-json\/wp\/v2\/pages\/39","targetHints":{"allow":["GET"]}}],"collection":[{"href":"https:\/\/ertekprojects.com\/veri-bilimi\/wp-json\/wp\/v2\/pages"}],"about":[{"href":"https:\/\/ertekprojects.com\/veri-bilimi\/wp-json\/wp\/v2\/types\/page"}],"author":[{"embeddable":true,"href":"https:\/\/ertekprojects.com\/veri-bilimi\/wp-json\/wp\/v2\/users\/1"}],"replies":[{"embeddable":true,"href":"https:\/\/ertekprojects.com\/veri-bilimi\/wp-json\/wp\/v2\/comments?post=39"}],"version-history":[{"count":2,"href":"https:\/\/ertekprojects.com\/veri-bilimi\/wp-json\/wp\/v2\/pages\/39\/revisions"}],"predecessor-version":[{"id":114,"href":"https:\/\/ertekprojects.com\/veri-bilimi\/wp-json\/wp\/v2\/pages\/39\/revisions\/114"}],"wp:attachment":[{"href":"https:\/\/ertekprojects.com\/veri-bilimi\/wp-json\/wp\/v2\/media?parent=39"}],"curies":[{"name":"wp","href":"https:\/\/api.w.org\/{rel}","templated":true}]}}